{"id":706,"date":"2023-06-28T22:30:39","date_gmt":"2023-06-28T20:30:39","guid":{"rendered":"https:\/\/rc3.koblenzweb.de\/?page_id=706"},"modified":"2023-06-28T22:40:12","modified_gmt":"2023-06-28T20:40:12","slug":"rezepte-vom-schmiedthof","status":"publish","type":"page","link":"https:\/\/rc3.koblenzweb.de\/it_it\/rezepte-vom-schmiedthof\/","title":{"rendered":"Ricette del maso Schmiedthof"},"content":{"rendered":"<p>Benvenuti nella nostra pagina delle ricette, un viaggio culinario attraverso i gusti, i sapori e i piaceri che incontriamo ogni giorno qui allo Schmiedthof! Qui condividiamo la nostra passione per il buon cibo, le ricette che ci ispirano e le emozionanti scoperte culinarie. Crediamo fermamente che il cibo sia molto pi\u00f9 di una semplice ingestione: \u00e8 una forma d'arte, un modo per conoscere le culture e una fonte di gioia infinita.<\/p><p>In questa pagina scoprirete una variet\u00e0 di piatti deliziosi delle montagne altoatesine, dai classici tradizionali alle interpretazioni moderne. In linea con il nostro stile di vita sostenibile, cuciniamo e sperimentiamo con ingredienti freschi, proviamo nuove combinazioni di sapori e diamo sfogo alla nostra creativit\u00e0 in cucina. Troverete soprattutto ricette facili da preparare, veloci da realizzare e poco costose. Ma vi proporremo anche una o due ricette sofisticate.<\/p><p>Oltre alle ricette, vi racconteremo anche le origini e la storia delle nostre ricette, le storie che ogni piatto racconta e i segreti che scopriamo durante le nostre esplorazioni culinarie.<\/p><p>Ci auguriamo che la nostra pagina di ricette vi ispiri a provare nuove ricette, vi incoraggi a sperimentare in cucina e vi dia una visione dell'affascinante mondo del cibo. Intraprendiamo insieme un viaggio gustoso e godiamo appieno della gioia del cibo!<\/p><p><\/p>","protected":false},"excerpt":{"rendered":"<p>Willkommen zu unserer Rezeptseite, einer kulinarischen Reise durch Geschm\u00e4cker, Aromen und Gen\u00fcsse, welchen wir hier am Schmiedthof t\u00e4glich begegnen! Hier teilen wir unsere Leidenschaft f\u00fcr gutes Essen, inspirierende Rezepte und spannende kulinarische Entdeckungen. Wir glauben fest daran, dass Essen viel mehr ist als nur Nahrungsaufnahme \u2013 es ist eine Kunstform, eine M\u00f6glichkeit, Kulturen kennenzulernen und eine Quelle unendlicher Freude. Auf dieser Seite wirst du eine Vielfalt an k\u00f6stlichen Gerichten der S\u00fcdtiroler Berge entdecken, von traditionellen Klassikern bis hin zu modernen Interpretationen. Ganz im Einklang mit unserer nachhaltigen Lebensweise kochen und experimentieren wir mit frischen Zutaten, probieren neue Geschmackskombinationen aus und&hellip;<\/p>\n<p> <a class=\"more-link\" href=\"https:\/\/rc3.koblenzweb.de\/it_it\/rezepte-vom-schmiedthof\/\">Leggi tutto<\/a><\/p>","protected":false},"author":2,"featured_media":0,"parent":0,"menu_order":0,"comment_status":"closed","ping_status":"closed","template":"","meta":{"footnotes":""},"class_list":["post-706","page","type-page","status-publish"],"_links":{"self":[{"href":"https:\/\/rc3.koblenzweb.de\/it_it\/wp-json\/wp\/v2\/pages\/706","targetHints":{"allow":["GET"]}}],"collection":[{"href":"https:\/\/rc3.koblenzweb.de\/it_it\/wp-json\/wp\/v2\/pages"}],"about":[{"href":"https:\/\/rc3.koblenzweb.de\/it_it\/wp-json\/wp\/v2\/types\/page"}],"author":[{"embeddable":true,"href":"https:\/\/rc3.koblenzweb.de\/it_it\/wp-json\/wp\/v2\/users\/2"}],"replies":[{"embeddable":true,"href":"https:\/\/rc3.koblenzweb.de\/it_it\/wp-json\/wp\/v2\/comments?post=706"}],"version-history":[{"count":0,"href":"https:\/\/rc3.koblenzweb.de\/it_it\/wp-json\/wp\/v2\/pages\/706\/revisions"}],"wp:attachment":[{"href":"https:\/\/rc3.koblenzweb.de\/it_it\/wp-json\/wp\/v2\/media?parent=706"}],"curies":[{"name":"wp","href":"https:\/\/api.w.org\/{rel}","templated":true}]}}