{"id":6,"date":"2021-07-13T17:31:29","date_gmt":"2021-07-13T15:31:29","guid":{"rendered":"https:\/\/rc3.koblenzweb.de\/?page_id=6"},"modified":"2025-02-24T15:53:16","modified_gmt":"2025-02-24T14:53:16","slug":"ueber-uns","status":"publish","type":"page","link":"https:\/\/rc3.koblenzweb.de\/it_it\/ueber-uns\/","title":{"rendered":"Bergbauernfamilie seit Generationen"},"content":{"rendered":"<p><strong>Il maso Schmiedthof oggi<\/strong><br>Ci\u00f2 che inizi\u00f2 come un piccolo progetto dei figli di Engelbert e Rita, oggi \u00e8 l'attivit\u00e0 principale <a href=\"https:\/\/rc3.koblenzweb.de\/it_it\/de\/am-schmiedthof\/\" data-type=\"page\" data-id=\"10\"><strong>del maso Schmiedthof.<\/strong><\/a>. 2016 hat Laurenz, der j\u00fcngste Sohn von Rita und Engelbert, den Hof nach seiner Gartenbau-Ausbildung \u00fcbernommen und f\u00fchrt ihn mit gro\u00dfer Freude weiter. Als erstes gro\u00dfes Projekt hat er das Wirtschaftsgeb\u00e4ude neu erbaut, damit eine bessere und praktischere Verarbeitung der Kr\u00e4uter m\u00f6glich ist. Seine Ausbildung zum Gartenbaumeister ist ihm eine gute Grundlage, um den biologischen Kr\u00e4uteranbau weiter zu verbessern und so hat er auch auf dem Feld vieles optimieren und verbessern k\u00f6nnen.<\/p><p><\/p><div class=\"wp-block-image\"><figure class=\"aligncenter size-full\"><img loading=\"lazy\" decoding=\"async\" width=\"1000\" height=\"400\" src=\"https:\/\/rc3.koblenzweb.de\/wp-content\/uploads\/2023\/05\/\u00a9wisthaler.com_20_08_Kraeuterhof_giada__HAW6445-min.jpg\" alt=\"\" class=\"wp-image-600\" srcset=\"https:\/\/rc3.koblenzweb.de\/wp-content\/uploads\/2023\/05\/\u00a9wisthaler.com_20_08_Kraeuterhof_giada__HAW6445-min.jpg 1000w, https:\/\/rc3.koblenzweb.de\/wp-content\/uploads\/2023\/05\/\u00a9wisthaler.com_20_08_Kraeuterhof_giada__HAW6445-min-600x240.jpg 600w, https:\/\/rc3.koblenzweb.de\/wp-content\/uploads\/2023\/05\/\u00a9wisthaler.com_20_08_Kraeuterhof_giada__HAW6445-min-300x120.jpg 300w, https:\/\/rc3.koblenzweb.de\/wp-content\/uploads\/2023\/05\/\u00a9wisthaler.com_20_08_Kraeuterhof_giada__HAW6445-min-768x307.jpg 768w, https:\/\/rc3.koblenzweb.de\/wp-content\/uploads\/2023\/05\/\u00a9wisthaler.com_20_08_Kraeuterhof_giada__HAW6445-min-18x7.jpg 18w\" sizes=\"auto, (max-width: 1000px) 100vw, 1000px\" \/><\/figure><\/div><p><br>Nel 2020 furono fatti passi importanti per il futuro del maso Schmiedthof. Era arrivata l'ora di investire sul marchio, sul markering e la presentazione dei prodotti e cos\u00ec naque<strong><a href=\"https:\/\/rc3.koblenzweb.de\/it_it\/de\/herba-plose\/\" data-type=\"page\" data-id=\"38\">Herba Plose<\/a><\/strong>Con un nuovo look e una presentazione online si vuole dare maggior visibilit\u00e0 ai prodotti di alta qualit\u00e1.<br>Mit dem Einzug seiner Partnerin Giada und der Geburt seiner Tochter Silena 2020 ist die Grundlage f\u00fcr die n\u00e4chste Generation am Schmiedthof gesichert. 2022 kam Tochter Altea und 2024 T\u00f6chterchen Tuana dazu. <\/p><div class=\"wp-block-buttons is-horizontal is-content-justification-center is-layout-flex wp-container-core-buttons-is-layout-499968f5 wp-block-buttons-is-layout-flex\"><div class=\"wp-block-button\"><a class=\"wp-block-button__link wp-element-button\" href=\"https:\/\/rc3.koblenzweb.de\/it_it\/de\/schmiedthof\/\">Scopri di pi\u00f9 sulla storia del maso Schmiedthof<\/a><\/div>\n\n<div class=\"wp-block-button\"><a class=\"wp-block-button__link wp-element-button\" href=\"https:\/\/rc3.koblenzweb.de\/it_it\/\">Herba Plose<\/a><\/div><\/div>","protected":false},"excerpt":{"rendered":"<p>Der Schmiedthof heuteWas vor vielen als Kinderprojekt gestartet ist, ist inzwischen die Hauptt\u00e4tigkeit des Schmiedthofes. 2016 hat Laurenz, der j\u00fcngste Sohn von Rita und Engelbert, den Hof nach seiner Gartenbau-Ausbildung \u00fcbernommen und f\u00fchrt ihn mit gro\u00dfer Freude weiter. Als erstes gro\u00dfes Projekt hat er das Wirtschaftsgeb\u00e4ude neu erbaut, damit eine bessere und praktischere Verarbeitung der Kr\u00e4uter m\u00f6glich ist. Seine Ausbildung zum Gartenbaumeister ist ihm eine gute Grundlage, um den biologischen Kr\u00e4uteranbau weiter zu verbessern und so hat er auch auf dem Feld vieles optimieren und verbessern k\u00f6nnen. 2020 wurden gleich mehrere Grundsteine f\u00fcr die weitere Zukunft des Schmiedhofes gelegt. Zum&hellip;<\/p>\n<p> <a class=\"more-link\" href=\"https:\/\/rc3.koblenzweb.de\/it_it\/ueber-uns\/\">Leggi tutto<\/a><\/p>","protected":false},"author":2,"featured_media":108,"parent":0,"menu_order":0,"comment_status":"closed","ping_status":"closed","template":"","meta":{"footnotes":""},"class_list":["post-6","page","type-page","status-publish","has-post-thumbnail"],"_links":{"self":[{"href":"https:\/\/rc3.koblenzweb.de\/it_it\/wp-json\/wp\/v2\/pages\/6","targetHints":{"allow":["GET"]}}],"collection":[{"href":"https:\/\/rc3.koblenzweb.de\/it_it\/wp-json\/wp\/v2\/pages"}],"about":[{"href":"https:\/\/rc3.koblenzweb.de\/it_it\/wp-json\/wp\/v2\/types\/page"}],"author":[{"embeddable":true,"href":"https:\/\/rc3.koblenzweb.de\/it_it\/wp-json\/wp\/v2\/users\/2"}],"replies":[{"embeddable":true,"href":"https:\/\/rc3.koblenzweb.de\/it_it\/wp-json\/wp\/v2\/comments?post=6"}],"version-history":[{"count":0,"href":"https:\/\/rc3.koblenzweb.de\/it_it\/wp-json\/wp\/v2\/pages\/6\/revisions"}],"wp:featuredmedia":[{"embeddable":true,"href":"https:\/\/rc3.koblenzweb.de\/it_it\/wp-json\/wp\/v2\/media\/108"}],"wp:attachment":[{"href":"https:\/\/rc3.koblenzweb.de\/it_it\/wp-json\/wp\/v2\/media?parent=6"}],"curies":[{"name":"wp","href":"https:\/\/api.w.org\/{rel}","templated":true}]}}