{"id":458,"date":"2022-08-18T09:44:22","date_gmt":"2022-08-18T07:44:22","guid":{"rendered":"https:\/\/rc3.koblenzweb.de\/?page_id=458"},"modified":"2023-05-15T13:23:47","modified_gmt":"2023-05-15T11:23:47","slug":"hoffuehrungen","status":"publish","type":"page","link":"https:\/\/rc3.koblenzweb.de\/it_it\/hoffuehrungen\/","title":{"rendered":"Visite guidate al maso"},"content":{"rendered":"<p>Al maso Schmiedthof, a 1400 m sul versante meridionale della Plose, coltiviamo erbe di montagna biologiche. Una vera delizia per tutti gli amanti del t\u00e8 e delle spezie. Se desiderate saperne di pi\u00f9 su di noi, sulla coltivazione delle nostre erbe biologiche, sulla raccolta a mano e sulla lavorazione delicata, siete invitati a partecipare a una visita guidata presso la nostra azienda agricola. Troverete anche un piccolo spaccio aziendale con i nostri prodotti Herba Plose e molto altro. <\/p><p>\u00c8 possibile effettuare visite guidate al nosto maso per singoli e gruppi, previo accordo e appuntamento con noi. Siamo molto lieti di dare il benvenuto al nostroi maso agli amanti del t\u00e8 e agli intenditori di erbe.<\/p><p>La visita al maso Schmiedthof si pu\u00f3 perfettamente combinare con un soggiorno a Bressanone, una gita sulla Plose o un transito in Alto Adige. <\/p><div class=\"wp-block-image\"><figure class=\"aligncenter size-full\"><img loading=\"lazy\" decoding=\"async\" width=\"1000\" height=\"400\" src=\"https:\/\/rc3.koblenzweb.de\/wp-content\/uploads\/2023\/05\/\u00a9wisthaler.com_20_08_Kraeuterhof_giada__HAW4577-min.jpg\" alt=\"\" class=\"wp-image-595\" srcset=\"https:\/\/rc3.koblenzweb.de\/wp-content\/uploads\/2023\/05\/\u00a9wisthaler.com_20_08_Kraeuterhof_giada__HAW4577-min.jpg 1000w, https:\/\/rc3.koblenzweb.de\/wp-content\/uploads\/2023\/05\/\u00a9wisthaler.com_20_08_Kraeuterhof_giada__HAW4577-min-600x240.jpg 600w, https:\/\/rc3.koblenzweb.de\/wp-content\/uploads\/2023\/05\/\u00a9wisthaler.com_20_08_Kraeuterhof_giada__HAW4577-min-300x120.jpg 300w, https:\/\/rc3.koblenzweb.de\/wp-content\/uploads\/2023\/05\/\u00a9wisthaler.com_20_08_Kraeuterhof_giada__HAW4577-min-768x307.jpg 768w, https:\/\/rc3.koblenzweb.de\/wp-content\/uploads\/2023\/05\/\u00a9wisthaler.com_20_08_Kraeuterhof_giada__HAW4577-min-18x7.jpg 18w\" sizes=\"auto, (max-width: 1000px) 100vw, 1000px\" \/><\/figure><\/div><div class=\"wp-block-buttons is-layout-flex wp-block-buttons-is-layout-flex\"><div class=\"wp-block-button aligncenter\"><a class=\"wp-block-button__link wp-element-button\" href=\"https:\/\/rc3.koblenzweb.de\/it_it\/kontakt\/\">Contatto<\/a><\/div><\/div>","protected":false},"excerpt":{"rendered":"<p>Am Schmiedthof auf 1400m am S\u00fcdhang der Plose bauen wir biologische Bergkr\u00e4uter an. F\u00fcr alle Tee- und Kr\u00e4uterliebhaber ein wahrer Genuss. Wer mehr \u00fcber uns erfahren m\u00f6chte, \u00fcber den Anbau unserer biologischen Kr\u00e4uter sowie \u00fcber die Ernte von Hand und die schonende Verarbeitung, der kann bei uns am Hof gern eine Hoff\u00fchrung mit machen. Einen kleinen Hofladen mit unseren Herba Plose Produkten und vielem mehr gibt es auch. Hoff\u00fchrungen f\u00fcr Einzelpersonen und Gruppen sind nach Absprache und Terminvereinbarung mit uns m\u00f6glich. Wir freuen uns sehr, Tee-Liebhaber und Kr\u00e4uter-Genie\u00dfer bei uns willkommen zu hei\u00dfen. Einen Abstecher zu uns auf den Schmiedthof&hellip;<\/p>\n<p> <a class=\"more-link\" href=\"https:\/\/rc3.koblenzweb.de\/it_it\/hoffuehrungen\/\">Leggi tutto<\/a><\/p>","protected":false},"author":2,"featured_media":109,"parent":0,"menu_order":0,"comment_status":"closed","ping_status":"closed","template":"","meta":{"footnotes":""},"class_list":["post-458","page","type-page","status-publish","has-post-thumbnail"],"_links":{"self":[{"href":"https:\/\/rc3.koblenzweb.de\/it_it\/wp-json\/wp\/v2\/pages\/458","targetHints":{"allow":["GET"]}}],"collection":[{"href":"https:\/\/rc3.koblenzweb.de\/it_it\/wp-json\/wp\/v2\/pages"}],"about":[{"href":"https:\/\/rc3.koblenzweb.de\/it_it\/wp-json\/wp\/v2\/types\/page"}],"author":[{"embeddable":true,"href":"https:\/\/rc3.koblenzweb.de\/it_it\/wp-json\/wp\/v2\/users\/2"}],"replies":[{"embeddable":true,"href":"https:\/\/rc3.koblenzweb.de\/it_it\/wp-json\/wp\/v2\/comments?post=458"}],"version-history":[{"count":0,"href":"https:\/\/rc3.koblenzweb.de\/it_it\/wp-json\/wp\/v2\/pages\/458\/revisions"}],"wp:featuredmedia":[{"embeddable":true,"href":"https:\/\/rc3.koblenzweb.de\/it_it\/wp-json\/wp\/v2\/media\/109"}],"wp:attachment":[{"href":"https:\/\/rc3.koblenzweb.de\/it_it\/wp-json\/wp\/v2\/media?parent=458"}],"curies":[{"name":"wp","href":"https:\/\/api.w.org\/{rel}","templated":true}]}}