{"id":38,"date":"2021-07-13T18:16:55","date_gmt":"2021-07-13T16:16:55","guid":{"rendered":"https:\/\/rc3.koblenzweb.de\/?page_id=38"},"modified":"2025-05-06T11:14:19","modified_gmt":"2025-05-06T09:14:19","slug":"herba-plose","status":"publish","type":"page","link":"https:\/\/rc3.koblenzweb.de\/it_it\/","title":{"rendered":"Herba Plose"},"content":{"rendered":"<div class=\"wp-block-image\"><figure class=\"aligncenter size-full\"><img loading=\"lazy\" decoding=\"async\" width=\"1000\" height=\"400\" src=\"https:\/\/rc3.koblenzweb.de\/wp-content\/uploads\/2021\/07\/\u00a9wisthaler.com_20_08_Kraeuterhof_giada__HAW5668.jpg\" alt=\"\" class=\"wp-image-41\" srcset=\"https:\/\/rc3.koblenzweb.de\/wp-content\/uploads\/2021\/07\/\u00a9wisthaler.com_20_08_Kraeuterhof_giada__HAW5668.jpg 1000w, https:\/\/rc3.koblenzweb.de\/wp-content\/uploads\/2021\/07\/\u00a9wisthaler.com_20_08_Kraeuterhof_giada__HAW5668-600x240.jpg 600w, https:\/\/rc3.koblenzweb.de\/wp-content\/uploads\/2021\/07\/\u00a9wisthaler.com_20_08_Kraeuterhof_giada__HAW5668-300x120.jpg 300w, https:\/\/rc3.koblenzweb.de\/wp-content\/uploads\/2021\/07\/\u00a9wisthaler.com_20_08_Kraeuterhof_giada__HAW5668-768x307.jpg 768w\" sizes=\"auto, (max-width: 1000px) 100vw, 1000px\" \/><\/figure><\/div><h1 class=\"wp-block-heading\">S\u00fcdtiroler Bergkr\u00e4uter aus biologischem Anbau<\/h1><p><strong>Kontrollierter Bio-Anbau auf 1400m <\/strong><br>Erbe officinali da coltivazione biologica montana\nSui pendii soleggiati del monte Plose, a 1.400 m di altitudine, coltiviamo fino a 80 diversi tipi di erbe aromatiche e officinali. Al momento della loro giusta maturazione raccogliamo a mano fiori e foglie e li essicchiamo con particolare cura. Con queste erbe realizziamo i nostri pregiati prodotti: miscele per tisane, sali aromatici, aromi per la cucina, sciroppi, creme per il corpo, cuscini profumati, erbe per la sauna e altro ancora.<\/p><p><strong>La forza naturale delle erbe<\/strong><br>In ihrer optimalen S\u00fcd-Hanglage auf den sonnigen H\u00e4ngen des Eisacktals streben unsere Kr\u00e4uterpflanzen schon in den ersten Morgenstunden dem Licht und der Sonne entgegen. In der frischen Bergluft S\u00fcdtirols gedeihen kr\u00e4ftige, duftintensive Kr\u00e4uter, die sich am naturbelassenen Boden n\u00e4hren und mit gesundheitsf\u00f6rdernden Wirkstoffen, \u00e4therischen \u00d6len und Mineralstoffen anreichern. Dank unserer liebevollen F\u00fcrsorge gedeihen sie in unserem Kr\u00e4utergarten auf 1400m besonders gut.<\/p><div class=\"wp-block-media-text alignwide has-media-on-the-right is-stacked-on-mobile has-background\" style=\"background-color:#290f08;grid-template-columns:auto 43%\"><div class=\"wp-block-media-text__content\"><div class=\"wp-block-group\" style=\"padding-top:2em;padding-right:2em;padding-bottom:2em;padding-left:2em\"><div class=\"wp-block-group__inner-container is-layout-flow wp-block-group-is-layout-flow\"><p class=\"has-white-color has-text-color has-medium-font-size\" style=\"line-height:1.2\"><strong>Dal 1994 la famiglia Frener coltiva erbe di montagna secondo il ciclo lunare. Sapevate che questo influenza la crescita delle piante? Le nostre piante crescono a 1400 m di altitudine sul monte Plose e vengono lavorate a mano al maso Schmiedthof per ottenere prodotti biologici altoatesini di alta qualit\u00e0. Tra questi si trovano tisane, spezie, sali alle erbe e condimenti.<\/strong><\/p><\/div><\/div><\/div><figure class=\"wp-block-media-text__media\"><img loading=\"lazy\" decoding=\"async\" width=\"1024\" height=\"683\" src=\"https:\/\/rc3.koblenzweb.de\/wp-content\/uploads\/2021\/07\/\u00a9wisthaler.com_20_08_Kraeuterhof_giada__HAW5914-1024x683.jpg\" alt=\"\" class=\"wp-image-133 size-full\" srcset=\"https:\/\/rc3.koblenzweb.de\/wp-content\/uploads\/2021\/07\/\u00a9wisthaler.com_20_08_Kraeuterhof_giada__HAW5914-1024x683.jpg 1024w, https:\/\/rc3.koblenzweb.de\/wp-content\/uploads\/2021\/07\/\u00a9wisthaler.com_20_08_Kraeuterhof_giada__HAW5914-600x400.jpg 600w, https:\/\/rc3.koblenzweb.de\/wp-content\/uploads\/2021\/07\/\u00a9wisthaler.com_20_08_Kraeuterhof_giada__HAW5914-300x200.jpg 300w, https:\/\/rc3.koblenzweb.de\/wp-content\/uploads\/2021\/07\/\u00a9wisthaler.com_20_08_Kraeuterhof_giada__HAW5914-768x512.jpg 768w, https:\/\/rc3.koblenzweb.de\/wp-content\/uploads\/2021\/07\/\u00a9wisthaler.com_20_08_Kraeuterhof_giada__HAW5914-1536x1024.jpg 1536w, https:\/\/rc3.koblenzweb.de\/wp-content\/uploads\/2021\/07\/\u00a9wisthaler.com_20_08_Kraeuterhof_giada__HAW5914-1320x880.jpg 1320w, https:\/\/rc3.koblenzweb.de\/wp-content\/uploads\/2021\/07\/\u00a9wisthaler.com_20_08_Kraeuterhof_giada__HAW5914.jpg 1920w\" sizes=\"auto, (max-width: 1024px) 100vw, 1024px\" \/><\/figure><\/div><p><strong>Il ciclo della natura<br><\/strong>Im Einklang mit der Natur, mit Sorgfalt, Wissen, Erfahrung und Liebe bewirtschaften wir unseren famili\u00e4r gef\u00fchrten Bergbauernhof bereits in dritter Generation konsequent nach \u00f6kologischen Richtlinien. Bei jedem Arbeitsschritt beachten wir nach M\u00f6glichkeit Mond- und Planetenstand, um die Kraft der Kr\u00e4uter zu st\u00e4rken. Die Bodenfruchtbarkeit verdanken wir in erster Linie der Natur und der akkuraten biologischen Bodenbearbeitung. Wir bauen vor allem Kr\u00e4uterpflanzen an, die zu unserem Mittelgebirgsklima und zur Bodenbeschaffenheit passen. Damit schaffen wir die Voraussetzung f\u00fcr unsere qualitativ hochwertigen Kr\u00e4uterprodukte aus S\u00fcdtirol.<\/p><div class=\"wp-block-image\"><figure class=\"aligncenter size-full\"><img loading=\"lazy\" decoding=\"async\" width=\"1000\" height=\"400\" src=\"https:\/\/rc3.koblenzweb.de\/wp-content\/uploads\/2021\/07\/\u00a9wisthaler.com_20_08_Kraeuterhof_giada_HW7_3900.jpg\" alt=\"\" class=\"wp-image-42\" srcset=\"https:\/\/rc3.koblenzweb.de\/wp-content\/uploads\/2021\/07\/\u00a9wisthaler.com_20_08_Kraeuterhof_giada_HW7_3900.jpg 1000w, https:\/\/rc3.koblenzweb.de\/wp-content\/uploads\/2021\/07\/\u00a9wisthaler.com_20_08_Kraeuterhof_giada_HW7_3900-600x240.jpg 600w, https:\/\/rc3.koblenzweb.de\/wp-content\/uploads\/2021\/07\/\u00a9wisthaler.com_20_08_Kraeuterhof_giada_HW7_3900-300x120.jpg 300w, https:\/\/rc3.koblenzweb.de\/wp-content\/uploads\/2021\/07\/\u00a9wisthaler.com_20_08_Kraeuterhof_giada_HW7_3900-768x307.jpg 768w\" sizes=\"auto, (max-width: 1000px) 100vw, 1000px\" \/><\/figure><\/div><p><strong>Con sapienza ed esperta manualit\u00e0<\/strong><br>Seguiamo con attenzione la crescita e la salute delle nostre piante aromatiche. Il momento della raccolta \u00e8 determinato dal giusto sviluppo delle foglie e dei fiori e per mantenere l\u2019intensit\u00e0 dell\u2019aroma il raccolto avviene esclusivamente a mano gi\u00e0 nelle primissime ore della mattina. Secondo il tipo di pianta raccogliamo i fiori, le foglie o i semi. Di alcune piante possono anche essere utilizzate tutte le parti, compreso i gambi. Il periodo del raccolto \u00e8 un momento molto delicato per le piantagioni: \u00e8 importante procedere nel modo adeguato e con delicatezza, per non rischiare di danneggiare le piante. Solo cos\u00ec potranno tornare a crescere sane e rigogliose.<\/p><p><strong>Scegliere, essiccare, confezionare\u2026<\/strong><br>Entscheidende Bedeutung kommt in der Tee- und Gew\u00fcrzherstellung der fachgerechten Trocknung zu. Diese muss schonend in m\u00f6glichst kurzer Zeit vor sich gehen. Die Trocknung unserer Bio-Kr\u00e4uter erfolgt im geschlossenen System unter 35 Grad Celsius. \u00dcber 35 Grad beginnen die \u00e4therischen \u00d6le zu Verdampfen. So garantieren wir beste Qualit\u00e4t in Farbe, Geschmack und Heilwirkung. Sobald die Kr\u00e4uter vollst\u00e4ndig durchgetrocknet sind, rebeln und entstauben wir diese, lesen Stile und unbrauchbare Pflanzenteile aus. Anschlie\u00dfend werden die Kr\u00e4uter zu unseren qualitativen Produkten von Herba Plose, wie Teemischungen, Gew\u00fcrzmischungen und Toppings verarbeitet.<\/p><div class=\"wp-block-image\"><figure class=\"aligncenter size-full\"><img loading=\"lazy\" decoding=\"async\" width=\"1000\" height=\"400\" src=\"https:\/\/rc3.koblenzweb.de\/wp-content\/uploads\/2021\/07\/\u00a9wisthaler.com_20_08_Kraeuterhof_giada_HW7_4721.jpg\" alt=\"\" class=\"wp-image-43\" srcset=\"https:\/\/rc3.koblenzweb.de\/wp-content\/uploads\/2021\/07\/\u00a9wisthaler.com_20_08_Kraeuterhof_giada_HW7_4721.jpg 1000w, https:\/\/rc3.koblenzweb.de\/wp-content\/uploads\/2021\/07\/\u00a9wisthaler.com_20_08_Kraeuterhof_giada_HW7_4721-600x240.jpg 600w, https:\/\/rc3.koblenzweb.de\/wp-content\/uploads\/2021\/07\/\u00a9wisthaler.com_20_08_Kraeuterhof_giada_HW7_4721-300x120.jpg 300w, https:\/\/rc3.koblenzweb.de\/wp-content\/uploads\/2021\/07\/\u00a9wisthaler.com_20_08_Kraeuterhof_giada_HW7_4721-768x307.jpg 768w\" sizes=\"auto, (max-width: 1000px) 100vw, 1000px\" \/><\/figure><\/div>","protected":false},"excerpt":{"rendered":"<p>S\u00fcdtiroler Bergkr\u00e4uter aus biologischem Anbau Kontrollierter Bio-Anbau auf 1400m Auf 1400 m Meeresh\u00f6he, auf den sonnigen H\u00e4ngen des Ploseberges bei Brixen \u00fcber dem Eisacktal, bauen wir von Herba Plose \u00fcber 80 verschiedene Heil- und Gew\u00fcrzpflanzen an. Zur richtigen Reifezeit sammeln wir die Bl\u00fcten und Bl\u00e4tter in Handarbeit, trocknen und verarbeiten sie mit schonenden Verfahren zu Kr\u00e4uterteemischungen, Kr\u00e4utersalz, Gew\u00fcrzen und Toppings. Genuss pur f\u00fcr das k\u00f6rperliche und seelische Wohlbefinden unserer Kunden. Die Kraft der nat\u00fcrlichen WirkstoffeIn ihrer optimalen S\u00fcd-Hanglage auf den sonnigen H\u00e4ngen des Eisacktals streben unsere Kr\u00e4uterpflanzen schon in den ersten Morgenstunden dem Licht und der Sonne entgegen. In der&hellip;<\/p>\n<p> <a class=\"more-link\" href=\"https:\/\/rc3.koblenzweb.de\/it_it\/\">Leggi tutto<\/a><\/p>","protected":false},"author":2,"featured_media":0,"parent":0,"menu_order":1,"comment_status":"closed","ping_status":"closed","template":"","meta":{"footnotes":""},"class_list":["post-38","page","type-page","status-publish"],"_links":{"self":[{"href":"https:\/\/rc3.koblenzweb.de\/it_it\/wp-json\/wp\/v2\/pages\/38","targetHints":{"allow":["GET"]}}],"collection":[{"href":"https:\/\/rc3.koblenzweb.de\/it_it\/wp-json\/wp\/v2\/pages"}],"about":[{"href":"https:\/\/rc3.koblenzweb.de\/it_it\/wp-json\/wp\/v2\/types\/page"}],"author":[{"embeddable":true,"href":"https:\/\/rc3.koblenzweb.de\/it_it\/wp-json\/wp\/v2\/users\/2"}],"replies":[{"embeddable":true,"href":"https:\/\/rc3.koblenzweb.de\/it_it\/wp-json\/wp\/v2\/comments?post=38"}],"version-history":[{"count":0,"href":"https:\/\/rc3.koblenzweb.de\/it_it\/wp-json\/wp\/v2\/pages\/38\/revisions"}],"wp:attachment":[{"href":"https:\/\/rc3.koblenzweb.de\/it_it\/wp-json\/wp\/v2\/media?parent=38"}],"curies":[{"name":"wp","href":"https:\/\/api.w.org\/{rel}","templated":true}]}}