{"id":233,"date":"2021-08-31T09:46:48","date_gmt":"2021-08-31T07:46:48","guid":{"rendered":"https:\/\/rc3.koblenzweb.de\/?page_id=233"},"modified":"2023-04-04T12:22:48","modified_gmt":"2023-04-04T10:22:48","slug":"allgemeine-geschaeftsbedingungen-agb","status":"publish","type":"page","link":"https:\/\/rc3.koblenzweb.de\/it_it\/allgemeine-geschaeftsbedingungen-agb\/","title":{"rendered":"Informativa sulla Privacy"},"content":{"rendered":"<ol class=\"wp-block-list\"><li>Contratto di acquisto su Internet<br>In caso di ordini effettuati via Internet, il contratto di acquisto diventa valido solo dopo la conferma dell'ordine da parte di Herba Plose all'indirizzo e-mail dell'acquirente.<\/li>\n\n<li>Normativa Privacy<br>I vostri dati saranno trattati in conformit\u00e0 al Regolamento europeo sulla protezione dei dati (DSGVO). Herba Plose \u00e8 responsabile del trattamento dei dati.<\/li>\n\n<li>Prezzi<br>I nostri prezzi sono comprensivi di IVA e non includono le spese di spedizione (che sono indicate separatamente). Il prezzo corrente al momento dell'ordine \u00e8 vincolante. Herba Plose si riserva il diritto di modificare i prezzi senza preavviso.<\/li>\n\n<li>Pagamento<br>In caso di consegna da parte del vettore, il pagamento deve essere effettuato in contanti alla consegna o come pagamento anticipato tramite bonifico bancario. In caso di ritiro in proprio presso lo spaccio aziendale o al mercato, il pagamento viene effettuato alla consegna della merce (\u00e8 possibile anche il pagamento anticipato tramite bonifico bancario). In caso di pagamento online, verr\u00e0 addebitato un costo di spedizione forfettario.<\/li>\n\n<li>Mantenimento del titolo di propriet\u00e0<br>La merce consegnata rimane di propriet\u00e0 di Herba Plose fino al completo pagamento di tutti i crediti derivanti dalle condizioni di vendita tra l'acquirente e il venditore.<\/li>\n\n<li>Condizioni di consegna<br>Al momento del ricevimento, la consegna deve essere controllata per verificarne la completezza e i danni. Se si sospetta un danno da trasporto o se la merce \u00e8 mancante, \u00e8 necessario conservare l'imballaggio originale. Le informazioni sulla disponibilit\u00e0 di consegna fornite con ogni prodotto saranno rispettate per quanto possibile, ma non sono vincolanti. Sono espressamente escluse date di consegna vincolanti.<\/li>\n\n<li>Garanzia<br>Der Verk\u00e4ufer \u00fcbernimmt keine Haftung f\u00fcr Sch\u00e4den, die durch fehlerhafte Produkte oder versp\u00e4tete Lieferungen verursacht werden. Allergien, die durch pflanzliche Produkte verursacht werden, sollten vor dem Kauf abgekl\u00e4rt werden. <\/li>\n\n<li>Restituzione di merci<br>Per la restituzione della merce, l'acquirente deve richiedere un numero di reso e una copia della ricevuta d'acquisto. I resi privi di numero di reso non saranno accettati, ma saranno immediatamente rispediti a spese dell'acquirente. I costi e i rischi della restituzione sono a carico dell'acquirente. Le consegne sbagliate saranno accettate solo se restituite nella confezione originale non danneggiata, non aperta e non etichettata. Herba Plose si riserva il diritto di sostituire, riparare o accreditare un prodotto difettoso restituito con un prodotto identico o equivalente.<\/li>\n\n<li>Politica di cancellazione<br>Diritto di recesso<br>Il cliente ha il diritto di recedere dal contratto entro quattordici giorni senza fornire alcuna motivazione.<br>Il periodo di recesso \u00e8 di quattordici giorni dal giorno in cui il cliente o un terzo da lui nominato, che non sia il vettore, ha preso o ha preso possesso dell'ultima merce.<br>Per esercitare il diritto di recesso, \u00e8 necessario inviarci<br>Herba Plose, Reuterberg 12, 39042 Bressanone<br>Telefon +39 320 4627123<br>E-Mail: info@rc3.koblenzweb.de<br>mediante una chiara dichiarazione (ad esempio una lettera inviata per posta, fax o e-mail) della vostra decisione di revocare il presente contratto.<br>Per rispettare il termine di cancellazione, \u00e8 sufficiente che l'utente invii la notifica dell'esercizio del diritto di cancellazione prima della scadenza del periodo di cancellazione.<br>Conseguenze della revoca<br>Se Lei recede dal presente contratto, dobbiamo rimborsarLe tutti i pagamenti che abbiamo ricevuto da Lei, compresi i costi di consegna (ad eccezione dei costi aggiuntivi derivanti dal fatto che Lei ha scelto un tipo di consegna diverso dalla consegna standard pi\u00f9 economica da noi offerta), senza indugio e al pi\u00f9 tardi entro quattordici giorni dal giorno in cui abbiamo ricevuto la notifica del Suo recesso dal presente contratto. Per il rimborso, utilizzeremo lo stesso mezzo di pagamento utilizzato per la transazione originaria, a meno che non sia stato espressamente concordato diversamente con voi; in nessun caso vi sar\u00e0 addebitato un costo per il rimborso. Potremo rifiutare il rimborso finch\u00e9 non avremo ricevuto la merce o finch\u00e9 il cliente non avr\u00e0 fornito la prova di averla restituita, a seconda di quale situazione si verifichi per prima.<br>Dovete restituirci o consegnarci la merce senza indugio e in ogni caso non oltre quattordici giorni dal giorno in cui ci avete comunicato la risoluzione del presente contratto. Il termine \u00e8 rispettato se la merce viene spedita prima della scadenza del periodo di quattordici giorni. Le spese di restituzione della merce sono a carico del cliente.<br>Fine della politica di cancellazione<br>Esclusione o scadenza anticipata del diritto di recesso:<br>Il diritto di recesso non si applica ai contratti che sono chiaramente adattati alle esigenze personali del consumatore.<br>Il diritto di recesso decade anticipatamente per i contratti di consegna di beni sigillati che non si prestano a essere restituiti per motivi di tutela della salute o di igiene se il sigillo \u00e8 stato rimosso dopo la consegna.<\/li>\n\n<li>Responsabilit\u00e0<br>La responsabilit\u00e0 dei rappresentanti legali e dei dipendenti del venditore nei confronti dell'acquirente \u00e8 esclusa, salvo nei casi di dolo e colpa grave.<\/li>\n\n<li>Luogo di giurisdizione<br>F\u00fcr Klagen ist das Gericht in Bozen (IT) zust\u00e4ndig. Es wird italienisches Recht angewandt.<\/li>\n\n<li>Altro<br>Salvo errori, disinformazione tecnica ed errori di battitura.<\/li><\/ol>","protected":false},"excerpt":{"rendered":"","protected":false},"author":2,"featured_media":0,"parent":0,"menu_order":0,"comment_status":"closed","ping_status":"closed","template":"","meta":{"footnotes":""},"class_list":["post-233","page","type-page","status-publish"],"_links":{"self":[{"href":"https:\/\/rc3.koblenzweb.de\/it_it\/wp-json\/wp\/v2\/pages\/233","targetHints":{"allow":["GET"]}}],"collection":[{"href":"https:\/\/rc3.koblenzweb.de\/it_it\/wp-json\/wp\/v2\/pages"}],"about":[{"href":"https:\/\/rc3.koblenzweb.de\/it_it\/wp-json\/wp\/v2\/types\/page"}],"author":[{"embeddable":true,"href":"https:\/\/rc3.koblenzweb.de\/it_it\/wp-json\/wp\/v2\/users\/2"}],"replies":[{"embeddable":true,"href":"https:\/\/rc3.koblenzweb.de\/it_it\/wp-json\/wp\/v2\/comments?post=233"}],"version-history":[{"count":0,"href":"https:\/\/rc3.koblenzweb.de\/it_it\/wp-json\/wp\/v2\/pages\/233\/revisions"}],"wp:attachment":[{"href":"https:\/\/rc3.koblenzweb.de\/it_it\/wp-json\/wp\/v2\/media?parent=233"}],"curies":[{"name":"wp","href":"https:\/\/api.w.org\/{rel}","templated":true}]}}