{"id":651,"date":"2023-05-19T19:15:56","date_gmt":"2023-05-19T17:15:56","guid":{"rendered":"https:\/\/rc3.koblenzweb.de\/?post_type=product&#038;p=651"},"modified":"2025-05-13T10:36:41","modified_gmt":"2025-05-13T08:36:41","slug":"laerchen-sirup","status":"publish","type":"product","link":"https:\/\/rc3.koblenzweb.de\/de_de\/produkt\/laerchen-sirup\/","title":{"rendered":"L\u00e4rchen-Sirup"},"content":{"rendered":"<p>L\u00e4rchen-Sirup<br \/>\nZutaten: Rohrzucker\u00b2*, Aromaextrakt 70% (Wasser, L\u00e4rchenwipfel*), Zitronensaft\u00b2*<br \/>\n*Bio-Produkt aus Eigenanbau,<br \/>\n\u00b2*biologisches Produkt. K\u00fchl und dunkel lagern.<\/p>\n<p>Ge\u00f6ffnet mind. 60 Tage im K\u00fchlschrank haltbar.<\/p>\n<p>N\u00e4hrwertangaben auf 100g<\/p>\n<p>Energie\u00a0 \u00a0 \u00a0 \u00a0 \u00a0 \u00a0 \u00a0 \u00a0 \u00a0 \u00a0 \u00a0 \u00a0 \u00a0 \u00a0 \u00a0 \u00a0 1154 kJ\/275 kcal<br \/>\nFett\u00a0 \u00a0 \u00a0 \u00a0 \u00a0 \u00a0 \u00a0 \u00a0 \u00a0 \u00a0 \u00a0 \u00a0 \u00a0 \u00a0 \u00a0 \u00a0 \u00a0 \u00a0 \u00a0 \u00a0 \u00a0 \u00a0 \u00a0 \u00a0 \u00a0 \u00a0 \u00a0 \u00a0 \u00a0 0,03g<br \/>\ndavon ges\u00e4ttigte Fetts\u00e4uren\u00a0 \u00a0 \u00a0 \u00a0 \u00a0 \u00a0 \u00a00,007g<br \/>\nKohlenhydrate\u00a0 \u00a0 \u00a0 \u00a0 \u00a0 \u00a0 \u00a0 \u00a0 \u00a0 \u00a0 \u00a0 \u00a0 \u00a0 \u00a0 \u00a0 \u00a0 \u00a0 \u00a0 \u00a067,97g<br \/>\ndavon Zucker\u00a0 \u00a0 \u00a0 \u00a0 \u00a0 \u00a0 \u00a0 \u00a0 \u00a0 \u00a0 \u00a0 \u00a0 \u00a0 \u00a0 \u00a0 \u00a0 \u00a0 \u00a0 \u00a0 \u00a067,83g<br \/>\nEiwei\u00df\u00a0 \u00a0 \u00a0 \u00a0 \u00a0 \u00a0 \u00a0 \u00a0 \u00a0 \u00a0 \u00a0 \u00a0 \u00a0 \u00a0 \u00a0 \u00a0 \u00a0 \u00a0 \u00a0 \u00a0 \u00a0 \u00a0 \u00a0 \u00a0 \u00a0 \u00a0 \u00a0 \u00a00,4g<br \/>\nSalz\u00a0 \u00a0 \u00a0 \u00a0 \u00a0 \u00a0 \u00a0 \u00a0 \u00a0 \u00a0 \u00a0 \u00a0 \u00a0 \u00a0 \u00a0 \u00a0 \u00a0 \u00a0 \u00a0 \u00a0 \u00a0 \u00a0 \u00a0 \u00a0 \u00a0 \u00a0 \u00a0 \u00a00,086g<\/p>\n","protected":false},"excerpt":{"rendered":"<p>L\u00e4rchen-Sirup<br \/>\nZutaten: Rohrzucker\u00b2*, Aromaextrakt 70% (Wasser, L\u00e4rchenwipfel*), Zitronensaft\u00b2*<br \/>\n*Bio-Produkt aus Eigenanbau,<br \/>\n\u00b2*biologisches Produkt. K\u00fchl und dunkel lagern. Ge\u00f6ffnet mind. 60 Tage im K\u00fchlschrank haltbar.<\/p>\n<p> <a class=\"more-link\" href=\"https:\/\/rc3.koblenzweb.de\/de_de\/produkt\/laerchen-sirup\/\">Weiterlesen<\/a><\/p>","protected":false},"featured_media":727,"template":"","meta":[],"product_cat":[121],"product_tag":[130,129,125,128],"class_list":{"0":"post-651","1":"product","2":"type-product","3":"status-publish","4":"has-post-thumbnail","6":"product_cat-waldsirupe","7":"product_tag-laerche","8":"product_tag-laerchensirup","9":"product_tag-sirup","10":"product_tag-waldsirup","12":"first","13":"instock","14":"shipping-taxable","15":"purchasable","16":"product-type-variable"},"_links":{"self":[{"href":"https:\/\/rc3.koblenzweb.de\/de_de\/wp-json\/wp\/v2\/product\/651","targetHints":{"allow":["GET"]}}],"collection":[{"href":"https:\/\/rc3.koblenzweb.de\/de_de\/wp-json\/wp\/v2\/product"}],"about":[{"href":"https:\/\/rc3.koblenzweb.de\/de_de\/wp-json\/wp\/v2\/types\/product"}],"wp:featuredmedia":[{"embeddable":true,"href":"https:\/\/rc3.koblenzweb.de\/de_de\/wp-json\/wp\/v2\/media\/727"}],"wp:attachment":[{"href":"https:\/\/rc3.koblenzweb.de\/de_de\/wp-json\/wp\/v2\/media?parent=651"}],"wp:term":[{"taxonomy":"product_cat","embeddable":true,"href":"https:\/\/rc3.koblenzweb.de\/de_de\/wp-json\/wp\/v2\/product_cat?post=651"},{"taxonomy":"product_tag","embeddable":true,"href":"https:\/\/rc3.koblenzweb.de\/de_de\/wp-json\/wp\/v2\/product_tag?post=651"}],"curies":[{"name":"wp","href":"https:\/\/api.w.org\/{rel}","templated":true}]}}