{"id":641,"date":"2023-05-19T18:44:38","date_gmt":"2023-05-19T16:44:38","guid":{"rendered":"https:\/\/rc3.koblenzweb.de\/?post_type=product&#038;p=641"},"modified":"2023-05-19T19:26:08","modified_gmt":"2023-05-19T17:26:08","slug":"latschenkiefer-sirup","status":"publish","type":"product","link":"https:\/\/rc3.koblenzweb.de\/de_de\/produkt\/latschenkiefer-sirup\/","title":{"rendered":"Latschen-Sirup"},"content":{"rendered":"<p>Latschenkiefer-Sirup.<br \/>\nZutaten: Rohrzucker\u00b2*, Aromaextrakt 70% (Wasser, Latschenwipfel*), Zitronensaft\u00b2*<br \/>\n*Bio-Produkt aus Eigenanbau,<br \/>\n\u00b2*biologisches Produkt.<\/p>\n<p>K\u00fchl und dunkel lagern. Ge\u00f6ffnet mind. 60 Tage im K\u00fchlschrank haltbar.<\/p>\n<p>N\u00e4hrwertangaben auf 100g<\/p>\n<p>Energie 1154 kJ\/275 kcal<br \/>\nFett 0,03g<br \/>\ndavon ges\u00e4ttiigte Fetts\u00e4ur 0,007g<br \/>\nKohlenhydrate 67,97g<br \/>\ndavon Zucker 67,83g<br \/>\nEiwei\u00df 0,4g<br \/>\nSalz 0,086g<\/p>\n","protected":false},"excerpt":{"rendered":"<p>Latschenkiefer-Sirup.<br \/>\nZutaten: Rohrzucker\u00b2*, Aromaextrakt 70% (Wasser, Latschenwipfel*), Zitronensaft\u00b2*<br \/>\n*Bio-Produkt aus Eigenanbau,<br \/>\n\u00b2*biologisches Produkt.<\/p>\n<p>K\u00fchl und dunkel lagern. Ge\u00f6ffnet mind. 60 Tage im K\u00fchlschrank haltbar.<\/p>\n<p>&nbsp;<\/p>\n<p>N\u00e4hrwertangaben auf 100g<\/p>\n<p>Energie 1154 kJ\/275 kcal<br \/>\nFett 0,03g<br \/>\ndavon ges\u00e4ttiigte Fetts\u00e4uren 0,007g<br \/>\nKohlenhydrate 67,97g<br \/>\ndavon Zucker 67,83g<br \/>\nEiwei\u00df 0,4g<br \/>\nSalz\/sale 0,086g<\/p>\n<p> <a class=\"more-link\" href=\"https:\/\/rc3.koblenzweb.de\/de_de\/produkt\/latschenkiefer-sirup\/\">Weiterlesen<\/a><\/p>","protected":false},"featured_media":572,"template":"","meta":[],"product_cat":[121],"product_tag":[131,132,125,128],"class_list":{"0":"post-641","1":"product","2":"type-product","3":"status-publish","4":"has-post-thumbnail","6":"product_cat-waldsirupe","7":"product_tag-latsche","8":"product_tag-latschenkiefer","9":"product_tag-sirup","10":"product_tag-waldsirup","12":"first","13":"instock","14":"shipping-taxable","15":"purchasable","16":"product-type-variable"},"_links":{"self":[{"href":"https:\/\/rc3.koblenzweb.de\/de_de\/wp-json\/wp\/v2\/product\/641","targetHints":{"allow":["GET"]}}],"collection":[{"href":"https:\/\/rc3.koblenzweb.de\/de_de\/wp-json\/wp\/v2\/product"}],"about":[{"href":"https:\/\/rc3.koblenzweb.de\/de_de\/wp-json\/wp\/v2\/types\/product"}],"wp:featuredmedia":[{"embeddable":true,"href":"https:\/\/rc3.koblenzweb.de\/de_de\/wp-json\/wp\/v2\/media\/572"}],"wp:attachment":[{"href":"https:\/\/rc3.koblenzweb.de\/de_de\/wp-json\/wp\/v2\/media?parent=641"}],"wp:term":[{"taxonomy":"product_cat","embeddable":true,"href":"https:\/\/rc3.koblenzweb.de\/de_de\/wp-json\/wp\/v2\/product_cat?post=641"},{"taxonomy":"product_tag","embeddable":true,"href":"https:\/\/rc3.koblenzweb.de\/de_de\/wp-json\/wp\/v2\/product_tag?post=641"}],"curies":[{"name":"wp","href":"https:\/\/api.w.org\/{rel}","templated":true}]}}