{"id":445,"date":"2022-04-04T21:26:26","date_gmt":"2022-04-04T19:26:26","guid":{"rendered":"https:\/\/rc3.koblenzweb.de\/?post_type=product&#038;p=445"},"modified":"2023-09-01T15:57:10","modified_gmt":"2023-09-01T13:57:10","slug":"bluetensalz","status":"publish","type":"product","link":"https:\/\/rc3.koblenzweb.de\/de_de\/produkt\/bluetensalz\/","title":{"rendered":"Bl\u00fctensalz"},"content":{"rendered":"","protected":false},"excerpt":{"rendered":"<p><strong>Inhalt<\/strong>:<br \/>\nEnth\u00e4lt 90g getrocknete, mittelfein gerebelte Bl\u00e4tter von Bergbohnenkraut, Zitronenmelisse, Oregano, Pfefferminze, Ysop, Thymian, Dill, Sellerie, Bl\u00fctenbl\u00e4tter von Ringelblume, bunten Kornblumen und Klatschmohn<\/p>\n<p><strong>Verwendung:<\/strong><br \/>\nDekoratives W\u00fcrzmittel f\u00fcr Butter, Frischk\u00e4se, Mozzarella, Salate, Gem\u00fcse, Risotti, klaren Suppen und Cremesuppen, u.a.<\/p>\n<p> <a class=\"more-link\" href=\"https:\/\/rc3.koblenzweb.de\/de_de\/produkt\/bluetensalz\/\">Weiterlesen<\/a><\/p>","protected":false},"featured_media":446,"template":"","meta":[],"product_cat":[50],"product_tag":[],"class_list":{"0":"post-445","1":"product","2":"type-product","3":"status-publish","4":"has-post-thumbnail","6":"product_cat-kraeutersalze","8":"first","9":"instock","10":"shipping-taxable","11":"purchasable","12":"product-type-simple"},"_links":{"self":[{"href":"https:\/\/rc3.koblenzweb.de\/de_de\/wp-json\/wp\/v2\/product\/445","targetHints":{"allow":["GET"]}}],"collection":[{"href":"https:\/\/rc3.koblenzweb.de\/de_de\/wp-json\/wp\/v2\/product"}],"about":[{"href":"https:\/\/rc3.koblenzweb.de\/de_de\/wp-json\/wp\/v2\/types\/product"}],"wp:featuredmedia":[{"embeddable":true,"href":"https:\/\/rc3.koblenzweb.de\/de_de\/wp-json\/wp\/v2\/media\/446"}],"wp:attachment":[{"href":"https:\/\/rc3.koblenzweb.de\/de_de\/wp-json\/wp\/v2\/media?parent=445"}],"wp:term":[{"taxonomy":"product_cat","embeddable":true,"href":"https:\/\/rc3.koblenzweb.de\/de_de\/wp-json\/wp\/v2\/product_cat?post=445"},{"taxonomy":"product_tag","embeddable":true,"href":"https:\/\/rc3.koblenzweb.de\/de_de\/wp-json\/wp\/v2\/product_tag?post=445"}],"curies":[{"name":"wp","href":"https:\/\/api.w.org\/{rel}","templated":true}]}}