{"id":443,"date":"2022-04-04T21:15:56","date_gmt":"2022-04-04T19:15:56","guid":{"rendered":"https:\/\/rc3.koblenzweb.de\/?post_type=product&#038;p=443"},"modified":"2022-04-04T21:15:56","modified_gmt":"2022-04-04T19:15:56","slug":"kuechenschatz","status":"publish","type":"product","link":"https:\/\/rc3.koblenzweb.de\/de_de\/produkt\/kuechenschatz\/","title":{"rendered":"K\u00fcchenschatz"},"content":{"rendered":"","protected":false},"excerpt":{"rendered":"<p><strong>Inhalt<\/strong>:<br \/>\nEnth\u00e4lt 175g vegetarische Suppenw\u00fcrze. Diese wird mit frischen Zutaten hergestellt und mit Salz konserviert. Karotten, Petersilie, Lauch, Karfiol, Kohlrabi, Sellerie, Kohl, Gew\u00fcrzkr\u00e4uter, Tomaten, Gew\u00fcrzfenchel, Dill, Liebst\u00f6ckl; 30% Kristall-Salz zum Konservieren<\/p>\n<p><strong>Verwendung<\/strong>:<br \/>\nMit unserem Suppengew\u00fcrz k\u00f6nnen Sie Ihren Speisen einen besonderen Charakter verleihen und gleichzeitig Kochsalz einsparen. Zum W\u00fcrzen von klaren Suppen und Cremesuppen, So\u00dfen, Salatdressings, Gem\u00fcse, sowie zum Marinieren von Fisch und Fleisch<\/p>\n<p><strong>Tipp<\/strong>:<br \/>\n100 g Butter mit 10 g Suppenw\u00fcrze gut verkneten ergibt mit minimalem Zeitaufwand eine wunderbare Kr\u00e4uterbutter, die sich hervorragend zu Pellkartoffeln oder als Brotaufstrich eignet.<\/p>\n<p> <a class=\"more-link\" href=\"https:\/\/rc3.koblenzweb.de\/de_de\/produkt\/kuechenschatz\/\">Weiterlesen<\/a><\/p>","protected":false},"featured_media":444,"template":"","meta":[],"product_cat":[50],"product_tag":[],"class_list":{"0":"post-443","1":"product","2":"type-product","3":"status-publish","4":"has-post-thumbnail","6":"product_cat-kraeutersalze","8":"first","9":"instock","10":"shipping-taxable","11":"purchasable","12":"product-type-simple"},"_links":{"self":[{"href":"https:\/\/rc3.koblenzweb.de\/de_de\/wp-json\/wp\/v2\/product\/443","targetHints":{"allow":["GET"]}}],"collection":[{"href":"https:\/\/rc3.koblenzweb.de\/de_de\/wp-json\/wp\/v2\/product"}],"about":[{"href":"https:\/\/rc3.koblenzweb.de\/de_de\/wp-json\/wp\/v2\/types\/product"}],"wp:featuredmedia":[{"embeddable":true,"href":"https:\/\/rc3.koblenzweb.de\/de_de\/wp-json\/wp\/v2\/media\/444"}],"wp:attachment":[{"href":"https:\/\/rc3.koblenzweb.de\/de_de\/wp-json\/wp\/v2\/media?parent=443"}],"wp:term":[{"taxonomy":"product_cat","embeddable":true,"href":"https:\/\/rc3.koblenzweb.de\/de_de\/wp-json\/wp\/v2\/product_cat?post=443"},{"taxonomy":"product_tag","embeddable":true,"href":"https:\/\/rc3.koblenzweb.de\/de_de\/wp-json\/wp\/v2\/product_tag?post=443"}],"curies":[{"name":"wp","href":"https:\/\/api.w.org\/{rel}","templated":true}]}}