{"id":433,"date":"2022-04-04T20:27:10","date_gmt":"2022-04-04T18:27:10","guid":{"rendered":"https:\/\/rc3.koblenzweb.de\/?post_type=product&#038;p=433"},"modified":"2022-04-04T20:27:10","modified_gmt":"2022-04-04T18:27:10","slug":"kraeutersalz","status":"publish","type":"product","link":"https:\/\/rc3.koblenzweb.de\/de_de\/produkt\/kraeutersalz\/","title":{"rendered":"Kr\u00e4utersalz"},"content":{"rendered":"","protected":false},"excerpt":{"rendered":"<p><strong>Inhalt<\/strong>:<br \/>\nEnth\u00e4lt 85g\/130g\/310g Kristallkr\u00e4utersalz, davon 12,5% Kr\u00e4uter. Getrocknete und fein gemahlene Kr\u00e4uter von Oregano, Thymian, Sellerie, Petersilie, Bergbohnenkraut, Ysop, Estragon, Lauch, Dill, Brotklee, Pfefferminze, Majoran<\/p>\n<p><strong>Verwendung<\/strong>:<br \/>\nZum W\u00fcrzen von Suppen und So\u00dfen, Salaten, Gem\u00fcse, Tomaten, Fleisch, Fisch, Topfen, Mozzarella, Frischk\u00e4se, Butter, Salatdressings auf Joghurt-Basis.<\/p>\n<p><strong>Empfehlung<\/strong>:<br \/>\nDas Kr\u00e4utersalz kurz vor dem Servieren den Speisen zuf\u00fcgen<\/p>\n<p> <a class=\"more-link\" href=\"https:\/\/rc3.koblenzweb.de\/de_de\/produkt\/kraeutersalz\/\">Weiterlesen<\/a><\/p>","protected":false},"featured_media":434,"template":"","meta":[],"product_cat":[50],"product_tag":[],"class_list":{"0":"post-433","1":"product","2":"type-product","3":"status-publish","4":"has-post-thumbnail","6":"product_cat-kraeutersalze","8":"first","9":"instock","10":"shipping-taxable","11":"purchasable","12":"product-type-variable","13":"has-default-attributes"},"_links":{"self":[{"href":"https:\/\/rc3.koblenzweb.de\/de_de\/wp-json\/wp\/v2\/product\/433","targetHints":{"allow":["GET"]}}],"collection":[{"href":"https:\/\/rc3.koblenzweb.de\/de_de\/wp-json\/wp\/v2\/product"}],"about":[{"href":"https:\/\/rc3.koblenzweb.de\/de_de\/wp-json\/wp\/v2\/types\/product"}],"wp:featuredmedia":[{"embeddable":true,"href":"https:\/\/rc3.koblenzweb.de\/de_de\/wp-json\/wp\/v2\/media\/434"}],"wp:attachment":[{"href":"https:\/\/rc3.koblenzweb.de\/de_de\/wp-json\/wp\/v2\/media?parent=433"}],"wp:term":[{"taxonomy":"product_cat","embeddable":true,"href":"https:\/\/rc3.koblenzweb.de\/de_de\/wp-json\/wp\/v2\/product_cat?post=433"},{"taxonomy":"product_tag","embeddable":true,"href":"https:\/\/rc3.koblenzweb.de\/de_de\/wp-json\/wp\/v2\/product_tag?post=433"}],"curies":[{"name":"wp","href":"https:\/\/api.w.org\/{rel}","templated":true}]}}