{"id":428,"date":"2022-04-04T18:43:02","date_gmt":"2022-04-04T16:43:02","guid":{"rendered":"https:\/\/rc3.koblenzweb.de\/?post_type=product&#038;p=428"},"modified":"2023-09-01T15:57:58","modified_gmt":"2023-09-01T13:57:58","slug":"wildkraeutersalz","status":"publish","type":"product","link":"https:\/\/rc3.koblenzweb.de\/de_de\/produkt\/wildkraeutersalz\/","title":{"rendered":"Wildkr\u00e4utersalz"},"content":{"rendered":"","protected":false},"excerpt":{"rendered":"<p><strong>Inhalt<\/strong>:<br \/>\nEnth\u00e4lt 95g wenig raffiniertes Kristallsalz, davon 10% Kr\u00e4uter: getrocknete und mittelfein gerebelte Brennnesselbl\u00e4tter, Meisterwurzbl\u00e4tter, Gierschbl\u00e4tter, Witwenblume, Thymian, Wacholderbeeren, Meisterwurzwurzel, Quendel<\/p>\n<p><strong>Verwendung<\/strong>:<br \/>\nZum W\u00fcrzen von Risotti, K\u00e4se, Joghurt, rohem und gekochtem Gem\u00fcse, Salaten, Fisch, Fleisch, Suppen, So\u00dfen, Butter<\/p>\n<p><strong>Empfehlung<\/strong>:<br \/>\nDas Wildkr\u00e4utersalz erst kurz vor dem Servieren den Speisen hinzuf\u00fcgen<\/p>\n<p> <a class=\"more-link\" href=\"https:\/\/rc3.koblenzweb.de\/de_de\/produkt\/wildkraeutersalz\/\">Weiterlesen<\/a><\/p>","protected":false},"featured_media":432,"template":"","meta":[],"product_cat":[50],"product_tag":[],"class_list":{"0":"post-428","1":"product","2":"type-product","3":"status-publish","4":"has-post-thumbnail","6":"product_cat-kraeutersalze","8":"first","9":"instock","10":"shipping-taxable","11":"purchasable","12":"product-type-simple"},"_links":{"self":[{"href":"https:\/\/rc3.koblenzweb.de\/de_de\/wp-json\/wp\/v2\/product\/428","targetHints":{"allow":["GET"]}}],"collection":[{"href":"https:\/\/rc3.koblenzweb.de\/de_de\/wp-json\/wp\/v2\/product"}],"about":[{"href":"https:\/\/rc3.koblenzweb.de\/de_de\/wp-json\/wp\/v2\/types\/product"}],"wp:featuredmedia":[{"embeddable":true,"href":"https:\/\/rc3.koblenzweb.de\/de_de\/wp-json\/wp\/v2\/media\/432"}],"wp:attachment":[{"href":"https:\/\/rc3.koblenzweb.de\/de_de\/wp-json\/wp\/v2\/media?parent=428"}],"wp:term":[{"taxonomy":"product_cat","embeddable":true,"href":"https:\/\/rc3.koblenzweb.de\/de_de\/wp-json\/wp\/v2\/product_cat?post=428"},{"taxonomy":"product_tag","embeddable":true,"href":"https:\/\/rc3.koblenzweb.de\/de_de\/wp-json\/wp\/v2\/product_tag?post=428"}],"curies":[{"name":"wp","href":"https:\/\/api.w.org\/{rel}","templated":true}]}}