{"id":8,"date":"2021-07-13T17:31:51","date_gmt":"2021-07-13T15:31:51","guid":{"rendered":"https:\/\/rc3.koblenzweb.de\/?page_id=8"},"modified":"2023-04-04T10:44:19","modified_gmt":"2023-04-04T08:44:19","slug":"kontakt","status":"publish","type":"page","link":"https:\/\/rc3.koblenzweb.de\/de_de\/kontakt\/","title":{"rendered":"Kontakt"},"content":{"rendered":"<p>Schmiedthof<br>Reuterberg 12<br>39042 Brixen<\/p><p>Tel. +39 320 46 27 123<br>info@rc3.koblenzweb.de<\/p><p><\/p><p>ANFAHRT: Von Brixen aus weiter in Richtung Milland, und weiter nach St. Andr\u00e4\/Plose. Ab St. Andr\u00e4 immer der Gr\u00fcnen Hotelroute folgend, fahren Sie ca. 2km weiter Richtung St. Leonhard. An der Stra\u00dfengabelung befindet sich die Ausschilderung \u201eSchmiedthof Kr\u00e4uter\u201c. Sie halten sich von nun an immer rechts, folgen der Stra\u00dfe weiter nach oben und den weiteren Schildern bis zum Schmiedthof.<\/p><iframe src=\"https:\/\/www.google.com\/maps\/embed?pb=!1m18!1m12!1m3!1d7430.451441768307!2d11.687346885899329!3d46.71639859142496!2m3!1f0!2f0!3f0!3m2!1i1024!2i768!4f13.1!3m3!1m2!1s0x47781acc06db1c83%3A0xa2b2c88eca4ddbcd!2sSchmiedthof-Kr%C3%A4uterhof!5e0!3m2!1sde!2sit!4v1631735488578!5m2!1sde!2sit\" width=\"600\" height=\"450\" style=\"border:0;\" allowfullscreen=\"\" loading=\"lazy\"><\/iframe><p><\/p><div class=\"wp-block-buttons is-content-justification-center is-layout-flex wp-container-core-buttons-is-layout-16018d1d wp-block-buttons-is-layout-flex\"><div class=\"wp-block-button\"><a class=\"wp-block-button__link has-text-align-center wp-element-button\" href=\"https:\/\/rc3.koblenzweb.de\/allgemeine-geschaeftsbedingungen-agb\/\" target=\"_blank\" rel=\"noreferrer noopener\">Datenschutzbestimmung<\/a><\/div>\n\n<div class=\"wp-block-button\"><a class=\"wp-block-button__link has-text-align-center wp-element-button\" href=\"https:\/\/rc3.koblenzweb.de\/impressum\/\">Impressum<\/a><\/div><\/div>","protected":false},"excerpt":{"rendered":"<p>SchmiedthofReuterberg 1239042 Brixen Tel. +39 320 46 27 123info@rc3.koblenzweb.de ANFAHRT: Von Brixen aus weiter in Richtung Milland, und weiter nach St. Andr\u00e4\/Plose. Ab St. Andr\u00e4 immer der Gr\u00fcnen Hotelroute folgend, fahren Sie ca. 2km weiter Richtung St. Leonhard. An der Stra\u00dfengabelung befindet sich die Ausschilderung \u201eSchmiedthof Kr\u00e4uter\u201c. Sie halten sich von nun an immer rechts, folgen der Stra\u00dfe weiter nach oben und den weiteren Schildern bis zum Schmiedthof.<\/p>\n","protected":false},"author":2,"featured_media":342,"parent":0,"menu_order":0,"comment_status":"closed","ping_status":"closed","template":"","meta":{"footnotes":""},"class_list":["post-8","page","type-page","status-publish","has-post-thumbnail"],"_links":{"self":[{"href":"https:\/\/rc3.koblenzweb.de\/de_de\/wp-json\/wp\/v2\/pages\/8","targetHints":{"allow":["GET"]}}],"collection":[{"href":"https:\/\/rc3.koblenzweb.de\/de_de\/wp-json\/wp\/v2\/pages"}],"about":[{"href":"https:\/\/rc3.koblenzweb.de\/de_de\/wp-json\/wp\/v2\/types\/page"}],"author":[{"embeddable":true,"href":"https:\/\/rc3.koblenzweb.de\/de_de\/wp-json\/wp\/v2\/users\/2"}],"replies":[{"embeddable":true,"href":"https:\/\/rc3.koblenzweb.de\/de_de\/wp-json\/wp\/v2\/comments?post=8"}],"version-history":[{"count":0,"href":"https:\/\/rc3.koblenzweb.de\/de_de\/wp-json\/wp\/v2\/pages\/8\/revisions"}],"wp:featuredmedia":[{"embeddable":true,"href":"https:\/\/rc3.koblenzweb.de\/de_de\/wp-json\/wp\/v2\/media\/342"}],"wp:attachment":[{"href":"https:\/\/rc3.koblenzweb.de\/de_de\/wp-json\/wp\/v2\/media?parent=8"}],"curies":[{"name":"wp","href":"https:\/\/api.w.org\/{rel}","templated":true}]}}