{"id":706,"date":"2023-06-28T22:30:39","date_gmt":"2023-06-28T20:30:39","guid":{"rendered":"https:\/\/rc3.koblenzweb.de\/?page_id=706"},"modified":"2023-06-28T22:40:12","modified_gmt":"2023-06-28T20:40:12","slug":"rezepte-vom-schmiedthof","status":"publish","type":"page","link":"https:\/\/rc3.koblenzweb.de\/de_de\/rezepte-vom-schmiedthof\/","title":{"rendered":"Rezepte vom Schmiedthof"},"content":{"rendered":"<p>Willkommen zu unserer Rezeptseite, einer kulinarischen Reise durch Geschm\u00e4cker, Aromen und Gen\u00fcsse, welchen wir hier am Schmiedthof t\u00e4glich begegnen! Hier teilen wir unsere Leidenschaft f\u00fcr gutes Essen, inspirierende Rezepte und spannende kulinarische Entdeckungen. Wir glauben fest daran, dass Essen viel mehr ist als nur Nahrungsaufnahme \u2013 es ist eine Kunstform, eine M\u00f6glichkeit, Kulturen kennenzulernen und eine Quelle unendlicher Freude.<\/p><p>Auf dieser Seite wirst du eine Vielfalt an k\u00f6stlichen Gerichten der S\u00fcdtiroler Berge entdecken, von traditionellen Klassikern bis hin zu modernen Interpretationen. Ganz im Einklang mit unserer nachhaltigen Lebensweise kochen und experimentieren wir mit frischen Zutaten, probieren neue Geschmackskombinationen aus und lassen unserer Kreativit\u00e4t in der K\u00fcche freien Lauf. Du wirst vor allem Rezepte finden, die einfach zuzubereiten sind, schnell machbar und g\u00fcnstig. Aber auch das ein und andere raffinierte Rezept werden wir dir bieten.<\/p><p>Neben den Rezepten werden wir auch vom Ursprung und der Geschichte unserer Rezepte erz\u00e4hlen, die hinter den Gerichten stehen, von den Geschichten, die jedes Gericht erz\u00e4hlt, und von den Geheimnissen, die wir auf unseren kulinarischen Erkundungen aufdecke.<\/p><p>Wir hoffen, dass unsere Rezeptseite dich inspiriert, neue Rezepte auszuprobieren, dich zum Experimentieren in der K\u00fcche anregt und dir einen Einblick in die faszinierende Welt des Essens gibt. Lass uns gemeinsam auf eine geschmackvolle Reise gehen und die Freude am Essen in vollen Z\u00fcgen genie\u00dfen!<\/p><p><\/p>","protected":false},"excerpt":{"rendered":"<p>Willkommen zu unserer Rezeptseite, einer kulinarischen Reise durch Geschm\u00e4cker, Aromen und Gen\u00fcsse, welchen wir hier am Schmiedthof t\u00e4glich begegnen! Hier teilen wir unsere Leidenschaft f\u00fcr gutes Essen, inspirierende Rezepte und spannende kulinarische Entdeckungen. Wir glauben fest daran, dass Essen viel mehr ist als nur Nahrungsaufnahme \u2013 es ist eine Kunstform, eine M\u00f6glichkeit, Kulturen kennenzulernen und eine Quelle unendlicher Freude. Auf dieser Seite wirst du eine Vielfalt an k\u00f6stlichen Gerichten der S\u00fcdtiroler Berge entdecken, von traditionellen Klassikern bis hin zu modernen Interpretationen. Ganz im Einklang mit unserer nachhaltigen Lebensweise kochen und experimentieren wir mit frischen Zutaten, probieren neue Geschmackskombinationen aus und&hellip;<\/p>\n<p> <a class=\"more-link\" href=\"https:\/\/rc3.koblenzweb.de\/de_de\/rezepte-vom-schmiedthof\/\">Weiterlesen<\/a><\/p>\n","protected":false},"author":2,"featured_media":0,"parent":0,"menu_order":0,"comment_status":"closed","ping_status":"closed","template":"","meta":{"footnotes":""},"class_list":["post-706","page","type-page","status-publish"],"_links":{"self":[{"href":"https:\/\/rc3.koblenzweb.de\/de_de\/wp-json\/wp\/v2\/pages\/706","targetHints":{"allow":["GET"]}}],"collection":[{"href":"https:\/\/rc3.koblenzweb.de\/de_de\/wp-json\/wp\/v2\/pages"}],"about":[{"href":"https:\/\/rc3.koblenzweb.de\/de_de\/wp-json\/wp\/v2\/types\/page"}],"author":[{"embeddable":true,"href":"https:\/\/rc3.koblenzweb.de\/de_de\/wp-json\/wp\/v2\/users\/2"}],"replies":[{"embeddable":true,"href":"https:\/\/rc3.koblenzweb.de\/de_de\/wp-json\/wp\/v2\/comments?post=706"}],"version-history":[{"count":0,"href":"https:\/\/rc3.koblenzweb.de\/de_de\/wp-json\/wp\/v2\/pages\/706\/revisions"}],"wp:attachment":[{"href":"https:\/\/rc3.koblenzweb.de\/de_de\/wp-json\/wp\/v2\/media?parent=706"}],"curies":[{"name":"wp","href":"https:\/\/api.w.org\/{rel}","templated":true}]}}