{"id":678,"date":"2023-06-19T11:38:33","date_gmt":"2023-06-19T09:38:33","guid":{"rendered":"https:\/\/rc3.koblenzweb.de\/?page_id=678"},"modified":"2023-06-19T12:50:42","modified_gmt":"2023-06-19T10:50:42","slug":"blog","status":"publish","type":"page","link":"https:\/\/rc3.koblenzweb.de\/de_de\/blog\/","title":{"rendered":"Blog"},"content":{"rendered":"<p>Um euch einen besseren Einblick in unsere Herba Plose Produkte zu geben, m\u00f6chten wir euch mitnehmen in unseren Alltag am Schmiedthof. Hier findet ihr verschiedene Einblicke in unser Leben am Hof, in die Realit\u00e4t der S\u00fcdtiroler Bergbauernh\u00f6fe und in unser Leben. <\/p><p><\/p><div class=\"wp-block-query is-layout-flow wp-block-query-is-layout-flow\"><ul class=\"wp-block-post-template is-layout-flow wp-block-post-template-is-layout-flow\"><li class=\"wp-block-post post-710 post type-post status-publish format-standard category-nicht-kategorisiert-en\"><div class=\"wp-block-columns alignwide is-layout-flex wp-container-core-columns-is-layout-9d6595d7 wp-block-columns-is-layout-flex\"><div class=\"wp-block-column is-layout-flow wp-block-column-is-layout-flow\" style=\"flex-basis:66.66%\"><\/div>\n\n<div class=\"wp-block-column is-layout-flow wp-block-column-is-layout-flow\" style=\"flex-basis:33.33%\"><h2 class=\"wp-block-post-title\"><a href=\"https:\/\/rc3.koblenzweb.de\/de_de\/2023\/06\/kuerbisrisotto\/\" target=\"_self\" >K\u00fcrbisrisotto<\/a><\/h2>\n\n<div class=\"wp-block-post-excerpt\"><p class=\"wp-block-post-excerpt__excerpt\">Hier findet ihr unser leckeres K\u00fcrbis-Risotto Rezept.<\/p><p class=\"wp-block-post-excerpt__more-text\"><a class=\"wp-block-post-excerpt__more-link\" href=\"https:\/\/rc3.koblenzweb.de\/de_de\/2023\/06\/kuerbisrisotto\/\">Weiterlesen<\/a><\/p><\/div><\/div><\/div><\/li><li class=\"wp-block-post post-694 post type-post status-publish format-standard has-post-thumbnail category-nicht-kategorisiert-en tag-berggenuss tag-sirup tag-sommer-in-suedtirol\"><div class=\"wp-block-columns alignwide is-layout-flex wp-container-core-columns-is-layout-9d6595d7 wp-block-columns-is-layout-flex\"><div class=\"wp-block-column is-layout-flow wp-block-column-is-layout-flow\" style=\"flex-basis:66.66%\"><figure class=\"wp-block-post-featured-image\"><a href=\"https:\/\/rc3.koblenzweb.de\/de_de\/2023\/06\/cocktail-ideen-mit-den-waldsirupen-von-herba-plose\/\" target=\"_self\"  ><img loading=\"lazy\" decoding=\"async\" width=\"1000\" height=\"400\" src=\"https:\/\/rc3.koblenzweb.de\/wp-content\/uploads\/2023\/06\/Blog-Cocktails.png\" class=\"attachment-post-thumbnail size-post-thumbnail wp-post-image\" alt=\"Cocktail-Ideen mit den Waldsirupen von Herba Plose\" style=\"object-fit:cover;\" srcset=\"https:\/\/rc3.koblenzweb.de\/wp-content\/uploads\/2023\/06\/Blog-Cocktails.png 1000w, https:\/\/rc3.koblenzweb.de\/wp-content\/uploads\/2023\/06\/Blog-Cocktails-600x240.png 600w, https:\/\/rc3.koblenzweb.de\/wp-content\/uploads\/2023\/06\/Blog-Cocktails-300x120.png 300w, https:\/\/rc3.koblenzweb.de\/wp-content\/uploads\/2023\/06\/Blog-Cocktails-768x307.png 768w, https:\/\/rc3.koblenzweb.de\/wp-content\/uploads\/2023\/06\/Blog-Cocktails-18x7.png 18w\" sizes=\"auto, (max-width: 1000px) 100vw, 1000px\" \/><\/a><\/figure><\/div>\n\n<div class=\"wp-block-column is-layout-flow wp-block-column-is-layout-flow\" style=\"flex-basis:33.33%\"><h2 class=\"wp-block-post-title\"><a href=\"https:\/\/rc3.koblenzweb.de\/de_de\/2023\/06\/cocktail-ideen-mit-den-waldsirupen-von-herba-plose\/\" target=\"_self\" >Cocktail-Ideen mit den Waldsirupen von Herba Plose<\/a><\/h2>\n\n<div class=\"wp-block-post-excerpt\"><p class=\"wp-block-post-excerpt__excerpt\">Sommerliche Cocktails mit den Waldsirupen von Herba Plose. Hier einige Rezeptideen von uns.<\/p><p class=\"wp-block-post-excerpt__more-text\"><a class=\"wp-block-post-excerpt__more-link\" href=\"https:\/\/rc3.koblenzweb.de\/de_de\/2023\/06\/cocktail-ideen-mit-den-waldsirupen-von-herba-plose\/\">Weiterlesen<\/a><\/p><\/div><\/div><\/div><\/li><li class=\"wp-block-post post-682 post type-post status-publish format-standard has-post-thumbnail category-nicht-kategorisiert-en tag-herz-jesu\"><div class=\"wp-block-columns alignwide is-layout-flex wp-container-core-columns-is-layout-9d6595d7 wp-block-columns-is-layout-flex\"><div class=\"wp-block-column is-layout-flow wp-block-column-is-layout-flow\" style=\"flex-basis:66.66%\"><figure class=\"wp-block-post-featured-image\"><a href=\"https:\/\/rc3.koblenzweb.de\/de_de\/2023\/06\/herz-jesu-am-schmiedthof\/\" target=\"_self\"  ><img loading=\"lazy\" decoding=\"async\" width=\"1000\" height=\"400\" src=\"https:\/\/rc3.koblenzweb.de\/wp-content\/uploads\/2023\/06\/herz-jesu-feuer.jpg\" class=\"attachment-post-thumbnail size-post-thumbnail wp-post-image\" alt=\"Herz Jesu am Schmiedthof\" style=\"object-fit:cover;\" srcset=\"https:\/\/rc3.koblenzweb.de\/wp-content\/uploads\/2023\/06\/herz-jesu-feuer.jpg 1000w, https:\/\/rc3.koblenzweb.de\/wp-content\/uploads\/2023\/06\/herz-jesu-feuer-600x240.jpg 600w, https:\/\/rc3.koblenzweb.de\/wp-content\/uploads\/2023\/06\/herz-jesu-feuer-300x120.jpg 300w, https:\/\/rc3.koblenzweb.de\/wp-content\/uploads\/2023\/06\/herz-jesu-feuer-768x307.jpg 768w, https:\/\/rc3.koblenzweb.de\/wp-content\/uploads\/2023\/06\/herz-jesu-feuer-18x7.jpg 18w\" sizes=\"auto, (max-width: 1000px) 100vw, 1000px\" \/><\/a><\/figure><\/div>\n\n<div class=\"wp-block-column is-layout-flow wp-block-column-is-layout-flow\" style=\"flex-basis:33.33%\"><h2 class=\"wp-block-post-title\"><a href=\"https:\/\/rc3.koblenzweb.de\/de_de\/2023\/06\/herz-jesu-am-schmiedthof\/\" target=\"_self\" >Herz Jesu am Schmiedthof<\/a><\/h2>\n\n<div class=\"wp-block-post-excerpt\"><p class=\"wp-block-post-excerpt__excerpt\">In diesem Beitrag verraten wir dir, warum wir den Baum gef\u00e4llt haben und warum unsere Esel-Damen daran Schuld sind.<\/p><p class=\"wp-block-post-excerpt__more-text\"><a class=\"wp-block-post-excerpt__more-link\" href=\"https:\/\/rc3.koblenzweb.de\/de_de\/2023\/06\/herz-jesu-am-schmiedthof\/\">Weiterlesen<\/a><\/p><\/div><\/div><\/div><\/li><\/ul><\/div>","protected":false},"excerpt":{"rendered":"<p>Um euch einen besseren Einblick in unsere Herba Plose Produkte zu geben, m\u00f6chten wir euch mitnehmen in unseren Alltag am Schmiedthof. Hier findet ihr verschiedene Einblicke in unser Leben am Hof, in die Realit\u00e4t der S\u00fcdtiroler Bergbauernh\u00f6fe und in unser Leben.<\/p>\n","protected":false},"author":2,"featured_media":667,"parent":0,"menu_order":0,"comment_status":"closed","ping_status":"closed","template":"","meta":{"footnotes":""},"class_list":["post-678","page","type-page","status-publish","has-post-thumbnail"],"_links":{"self":[{"href":"https:\/\/rc3.koblenzweb.de\/de_de\/wp-json\/wp\/v2\/pages\/678","targetHints":{"allow":["GET"]}}],"collection":[{"href":"https:\/\/rc3.koblenzweb.de\/de_de\/wp-json\/wp\/v2\/pages"}],"about":[{"href":"https:\/\/rc3.koblenzweb.de\/de_de\/wp-json\/wp\/v2\/types\/page"}],"author":[{"embeddable":true,"href":"https:\/\/rc3.koblenzweb.de\/de_de\/wp-json\/wp\/v2\/users\/2"}],"replies":[{"embeddable":true,"href":"https:\/\/rc3.koblenzweb.de\/de_de\/wp-json\/wp\/v2\/comments?post=678"}],"version-history":[{"count":0,"href":"https:\/\/rc3.koblenzweb.de\/de_de\/wp-json\/wp\/v2\/pages\/678\/revisions"}],"wp:featuredmedia":[{"embeddable":true,"href":"https:\/\/rc3.koblenzweb.de\/de_de\/wp-json\/wp\/v2\/media\/667"}],"wp:attachment":[{"href":"https:\/\/rc3.koblenzweb.de\/de_de\/wp-json\/wp\/v2\/media?parent=678"}],"curies":[{"name":"wp","href":"https:\/\/api.w.org\/{rel}","templated":true}]}}