{"id":38,"date":"2021-07-13T18:16:55","date_gmt":"2021-07-13T16:16:55","guid":{"rendered":"https:\/\/rc3.koblenzweb.de\/?page_id=38"},"modified":"2025-05-06T11:14:19","modified_gmt":"2025-05-06T09:14:19","slug":"herba-plose","status":"publish","type":"page","link":"https:\/\/rc3.koblenzweb.de\/de_de\/","title":{"rendered":"Herba Plose"},"content":{"rendered":"<div class=\"wp-block-image\"><figure class=\"aligncenter size-full\"><img loading=\"lazy\" decoding=\"async\" width=\"1000\" height=\"400\" src=\"https:\/\/rc3.koblenzweb.de\/wp-content\/uploads\/2021\/07\/\u00a9wisthaler.com_20_08_Kraeuterhof_giada__HAW5668.jpg\" alt=\"\" class=\"wp-image-41\" srcset=\"https:\/\/rc3.koblenzweb.de\/wp-content\/uploads\/2021\/07\/\u00a9wisthaler.com_20_08_Kraeuterhof_giada__HAW5668.jpg 1000w, https:\/\/rc3.koblenzweb.de\/wp-content\/uploads\/2021\/07\/\u00a9wisthaler.com_20_08_Kraeuterhof_giada__HAW5668-600x240.jpg 600w, https:\/\/rc3.koblenzweb.de\/wp-content\/uploads\/2021\/07\/\u00a9wisthaler.com_20_08_Kraeuterhof_giada__HAW5668-300x120.jpg 300w, https:\/\/rc3.koblenzweb.de\/wp-content\/uploads\/2021\/07\/\u00a9wisthaler.com_20_08_Kraeuterhof_giada__HAW5668-768x307.jpg 768w\" sizes=\"auto, (max-width: 1000px) 100vw, 1000px\" \/><\/figure><\/div><h1 class=\"wp-block-heading\">S\u00fcdtiroler Bergkr\u00e4uter aus biologischem Anbau<\/h1><p><strong>Kontrollierter Bio-Anbau auf 1400m <\/strong><br>Auf 1400 m Meeresh\u00f6he, auf den sonnigen H\u00e4ngen des Ploseberges bei Brixen \u00fcber dem Eisacktal, bauen wir von Herba Plose \u00fcber 80 verschiedene Heil- und Gew\u00fcrzpflanzen an. Zur richtigen Reifezeit sammeln wir die Bl\u00fcten und Bl\u00e4tter in Handarbeit, trocknen und verarbeiten sie mit schonenden Verfahren zu Kr\u00e4uterteemischungen, Kr\u00e4utersalz, Gew\u00fcrzen und Toppings. Genuss pur f\u00fcr das k\u00f6rperliche und seelische Wohlbefinden unserer Kunden.<\/p><p><strong>Die Kraft der nat\u00fcrlichen Wirkstoffe<\/strong><br>In ihrer optimalen S\u00fcd-Hanglage auf den sonnigen H\u00e4ngen des Eisacktals streben unsere Kr\u00e4uterpflanzen schon in den ersten Morgenstunden dem Licht und der Sonne entgegen. In der frischen Bergluft S\u00fcdtirols gedeihen kr\u00e4ftige, duftintensive Kr\u00e4uter, die sich am naturbelassenen Boden n\u00e4hren und mit gesundheitsf\u00f6rdernden Wirkstoffen, \u00e4therischen \u00d6len und Mineralstoffen anreichern. Dank unserer liebevollen F\u00fcrsorge gedeihen sie in unserem Kr\u00e4utergarten auf 1400m besonders gut.<\/p><div class=\"wp-block-media-text alignwide has-media-on-the-right is-stacked-on-mobile has-background\" style=\"background-color:#290f08;grid-template-columns:auto 43%\"><div class=\"wp-block-media-text__content\"><div class=\"wp-block-group\" style=\"padding-top:2em;padding-right:2em;padding-bottom:2em;padding-left:2em\"><div class=\"wp-block-group__inner-container is-layout-flow wp-block-group-is-layout-flow\"><p class=\"has-white-color has-text-color has-medium-font-size\" style=\"line-height:1.2\"><strong>Wir, Familie Frener, bauen seit 1994 Bergkr\u00e4uter nach dem Mondzyklus an. Wussen Sie, dass dieser das Pflanzenwachstum beeinflusst? Unsere Pflanzen wachsen auf 1400 m H\u00f6he am Ploseberg und werden am Schmiedthof von Hand zu hochwertigen S\u00fcdtiroler Bio-Produkten verarbeitet. Darunter finden Sie Kr\u00e4utertees, Gew\u00fcrze, Kr\u00e4utersalze und Toppings.<\/strong><\/p><\/div><\/div><\/div><figure class=\"wp-block-media-text__media\"><img loading=\"lazy\" decoding=\"async\" width=\"1024\" height=\"683\" src=\"https:\/\/rc3.koblenzweb.de\/wp-content\/uploads\/2021\/07\/\u00a9wisthaler.com_20_08_Kraeuterhof_giada__HAW5914-1024x683.jpg\" alt=\"\" class=\"wp-image-133 size-full\" srcset=\"https:\/\/rc3.koblenzweb.de\/wp-content\/uploads\/2021\/07\/\u00a9wisthaler.com_20_08_Kraeuterhof_giada__HAW5914-1024x683.jpg 1024w, https:\/\/rc3.koblenzweb.de\/wp-content\/uploads\/2021\/07\/\u00a9wisthaler.com_20_08_Kraeuterhof_giada__HAW5914-600x400.jpg 600w, https:\/\/rc3.koblenzweb.de\/wp-content\/uploads\/2021\/07\/\u00a9wisthaler.com_20_08_Kraeuterhof_giada__HAW5914-300x200.jpg 300w, https:\/\/rc3.koblenzweb.de\/wp-content\/uploads\/2021\/07\/\u00a9wisthaler.com_20_08_Kraeuterhof_giada__HAW5914-768x512.jpg 768w, https:\/\/rc3.koblenzweb.de\/wp-content\/uploads\/2021\/07\/\u00a9wisthaler.com_20_08_Kraeuterhof_giada__HAW5914-1536x1024.jpg 1536w, https:\/\/rc3.koblenzweb.de\/wp-content\/uploads\/2021\/07\/\u00a9wisthaler.com_20_08_Kraeuterhof_giada__HAW5914-1320x880.jpg 1320w, https:\/\/rc3.koblenzweb.de\/wp-content\/uploads\/2021\/07\/\u00a9wisthaler.com_20_08_Kraeuterhof_giada__HAW5914.jpg 1920w\" sizes=\"auto, (max-width: 1024px) 100vw, 1024px\" \/><\/figure><\/div><p><strong>Im Kreislauf mit der Natur<br><\/strong>Im Einklang mit der Natur, mit Sorgfalt, Wissen, Erfahrung und Liebe bewirtschaften wir unseren famili\u00e4r gef\u00fchrten Bergbauernhof bereits in dritter Generation konsequent nach \u00f6kologischen Richtlinien. Bei jedem Arbeitsschritt beachten wir nach M\u00f6glichkeit Mond- und Planetenstand, um die Kraft der Kr\u00e4uter zu st\u00e4rken. Die Bodenfruchtbarkeit verdanken wir in erster Linie der Natur und der akkuraten biologischen Bodenbearbeitung. Wir bauen vor allem Kr\u00e4uterpflanzen an, die zu unserem Mittelgebirgsklima und zur Bodenbeschaffenheit passen. Damit schaffen wir die Voraussetzung f\u00fcr unsere qualitativ hochwertigen Kr\u00e4uterprodukte aus S\u00fcdtirol.<\/p><div class=\"wp-block-image\"><figure class=\"aligncenter size-full\"><img loading=\"lazy\" decoding=\"async\" width=\"1000\" height=\"400\" src=\"https:\/\/rc3.koblenzweb.de\/wp-content\/uploads\/2021\/07\/\u00a9wisthaler.com_20_08_Kraeuterhof_giada_HW7_3900.jpg\" alt=\"\" class=\"wp-image-42\" srcset=\"https:\/\/rc3.koblenzweb.de\/wp-content\/uploads\/2021\/07\/\u00a9wisthaler.com_20_08_Kraeuterhof_giada_HW7_3900.jpg 1000w, https:\/\/rc3.koblenzweb.de\/wp-content\/uploads\/2021\/07\/\u00a9wisthaler.com_20_08_Kraeuterhof_giada_HW7_3900-600x240.jpg 600w, https:\/\/rc3.koblenzweb.de\/wp-content\/uploads\/2021\/07\/\u00a9wisthaler.com_20_08_Kraeuterhof_giada_HW7_3900-300x120.jpg 300w, https:\/\/rc3.koblenzweb.de\/wp-content\/uploads\/2021\/07\/\u00a9wisthaler.com_20_08_Kraeuterhof_giada_HW7_3900-768x307.jpg 768w\" sizes=\"auto, (max-width: 1000px) 100vw, 1000px\" \/><\/figure><\/div><p><strong>Mit Wissen und Fingerspitzengef\u00fchl<\/strong><br>Aufmerksam beobachten wir das Gedeihen und die Gesundheit unserer Kr\u00e4uterpflanzen. Sobald die Bl\u00e4tter und Bl\u00fcten voll ausgebildet sind, ist die Zeit der Ernte gekommen. Damit das intensive Aroma der Tee- und Gew\u00fcrzkr\u00e4uter voll erhalten bleibt, beginnt die Ernte in den fr\u00fchen Morgenstunden. Behutsam werden die Pflanzenteile in Handarbeit gesammelt, bei einigen auch die Stiele, bei anderen nur die Bl\u00fcten, Bl\u00e4tter oder Samen. Die Erntezeit ist ein delikater Moment f\u00fcr die Kulturen. Wir beachten bei der Ernte den balsamischen Zeitpunkt unserer Pflanzen. Die richtige Vorgangsweise ist besonders wichtig damit die Pflanzen nicht besch\u00e4digt werden. So k\u00f6nnen sie wieder kr\u00e4ftig austreiben und zu gesundem Wachstum angeregt werden.<\/p><p><strong>Auslesen, trocknen, verarbeiten \u2026<\/strong><br>Entscheidende Bedeutung kommt in der Tee- und Gew\u00fcrzherstellung der fachgerechten Trocknung zu. Diese muss schonend in m\u00f6glichst kurzer Zeit vor sich gehen. Die Trocknung unserer Bio-Kr\u00e4uter erfolgt im geschlossenen System unter 35 Grad Celsius. \u00dcber 35 Grad beginnen die \u00e4therischen \u00d6le zu Verdampfen. So garantieren wir beste Qualit\u00e4t in Farbe, Geschmack und Heilwirkung. Sobald die Kr\u00e4uter vollst\u00e4ndig durchgetrocknet sind, rebeln und entstauben wir diese, lesen Stile und unbrauchbare Pflanzenteile aus. Anschlie\u00dfend werden die Kr\u00e4uter zu unseren qualitativen Produkten von Herba Plose, wie Teemischungen, Gew\u00fcrzmischungen und Toppings verarbeitet.<\/p><div class=\"wp-block-image\"><figure class=\"aligncenter size-full\"><img loading=\"lazy\" decoding=\"async\" width=\"1000\" height=\"400\" src=\"https:\/\/rc3.koblenzweb.de\/wp-content\/uploads\/2021\/07\/\u00a9wisthaler.com_20_08_Kraeuterhof_giada_HW7_4721.jpg\" alt=\"\" class=\"wp-image-43\" srcset=\"https:\/\/rc3.koblenzweb.de\/wp-content\/uploads\/2021\/07\/\u00a9wisthaler.com_20_08_Kraeuterhof_giada_HW7_4721.jpg 1000w, https:\/\/rc3.koblenzweb.de\/wp-content\/uploads\/2021\/07\/\u00a9wisthaler.com_20_08_Kraeuterhof_giada_HW7_4721-600x240.jpg 600w, https:\/\/rc3.koblenzweb.de\/wp-content\/uploads\/2021\/07\/\u00a9wisthaler.com_20_08_Kraeuterhof_giada_HW7_4721-300x120.jpg 300w, https:\/\/rc3.koblenzweb.de\/wp-content\/uploads\/2021\/07\/\u00a9wisthaler.com_20_08_Kraeuterhof_giada_HW7_4721-768x307.jpg 768w\" sizes=\"auto, (max-width: 1000px) 100vw, 1000px\" \/><\/figure><\/div>","protected":false},"excerpt":{"rendered":"<p>S\u00fcdtiroler Bergkr\u00e4uter aus biologischem Anbau Kontrollierter Bio-Anbau auf 1400m Auf 1400 m Meeresh\u00f6he, auf den sonnigen H\u00e4ngen des Ploseberges bei Brixen \u00fcber dem Eisacktal, bauen wir von Herba Plose \u00fcber 80 verschiedene Heil- und Gew\u00fcrzpflanzen an. Zur richtigen Reifezeit sammeln wir die Bl\u00fcten und Bl\u00e4tter in Handarbeit, trocknen und verarbeiten sie mit schonenden Verfahren zu Kr\u00e4uterteemischungen, Kr\u00e4utersalz, Gew\u00fcrzen und Toppings. Genuss pur f\u00fcr das k\u00f6rperliche und seelische Wohlbefinden unserer Kunden. Die Kraft der nat\u00fcrlichen WirkstoffeIn ihrer optimalen S\u00fcd-Hanglage auf den sonnigen H\u00e4ngen des Eisacktals streben unsere Kr\u00e4uterpflanzen schon in den ersten Morgenstunden dem Licht und der Sonne entgegen. In der&hellip;<\/p>\n<p> <a class=\"more-link\" href=\"https:\/\/rc3.koblenzweb.de\/de_de\/\">Weiterlesen<\/a><\/p>\n","protected":false},"author":2,"featured_media":0,"parent":0,"menu_order":1,"comment_status":"closed","ping_status":"closed","template":"","meta":{"footnotes":""},"class_list":["post-38","page","type-page","status-publish"],"_links":{"self":[{"href":"https:\/\/rc3.koblenzweb.de\/de_de\/wp-json\/wp\/v2\/pages\/38","targetHints":{"allow":["GET"]}}],"collection":[{"href":"https:\/\/rc3.koblenzweb.de\/de_de\/wp-json\/wp\/v2\/pages"}],"about":[{"href":"https:\/\/rc3.koblenzweb.de\/de_de\/wp-json\/wp\/v2\/types\/page"}],"author":[{"embeddable":true,"href":"https:\/\/rc3.koblenzweb.de\/de_de\/wp-json\/wp\/v2\/users\/2"}],"replies":[{"embeddable":true,"href":"https:\/\/rc3.koblenzweb.de\/de_de\/wp-json\/wp\/v2\/comments?post=38"}],"version-history":[{"count":0,"href":"https:\/\/rc3.koblenzweb.de\/de_de\/wp-json\/wp\/v2\/pages\/38\/revisions"}],"wp:attachment":[{"href":"https:\/\/rc3.koblenzweb.de\/de_de\/wp-json\/wp\/v2\/media?parent=38"}],"curies":[{"name":"wp","href":"https:\/\/api.w.org\/{rel}","templated":true}]}}