{"id":313,"date":"2021-09-13T14:02:41","date_gmt":"2021-09-13T12:02:41","guid":{"rendered":"https:\/\/rc3.koblenzweb.de\/?page_id=313"},"modified":"2023-04-04T09:45:34","modified_gmt":"2023-04-04T07:45:34","slug":"impressum","status":"publish","type":"page","link":"https:\/\/rc3.koblenzweb.de\/de_de\/impressum\/","title":{"rendered":"Impressum"},"content":{"rendered":"<p>Impressum<\/p><p>Herba Plose &#8211; Biologische Kr\u00e4uterprodukte hergestellt und abgef\u00fcllt am Schmiedthof<br>I-39042 Brixen (BZ)<br>Reuterberg 12<br>Mobil   +39 340 241 6992<br>info@rc3.koblenzweb.de<br>MwSt.Nr-Steuernr.: 02906820218<br>REA Nummer: BZ &#8211; 215580<\/p><p>Diese Seite wurde mit WordPress erstellt.<\/p><p><\/p><p>HAFTUNGSAUSSCHLUSS<\/p><p>INHALTE<br>Diese Website bildet den tempor\u00e4ren Stand eines kontinuierlichen Arbeitsprozesses ab. Herba Plose beh\u00e4lt sich ausdr\u00fccklich das Recht vor, Teile der Seite oder das gesamte Angebot ohne vorherige Ank\u00fcndigung zu ver\u00e4ndern, zu erg\u00e4nzen, zu l\u00f6schen oder die Ver\u00f6ffentlichung einzustellen.<\/p><p>LINKS<br>Sofern Herba Plose direkt oder indirekt auf fremde Internetseiten verweist (\u201cLinks\u201d), haftet Herba Plose nur, wenn sie von den Inhalten genaue Kenntnis hat und es technisch m\u00f6glich und zumutbar ist, die Nutzung im Falle rechtswidriger Inhalte zu verhindern. Herba Plose erkl\u00e4rt hiermit ausdr\u00fccklich, dass zum Zeitpunkt der Linksetzung die verlinkten Seiten keine illegalen Inhalte enthalten haben. Herba Plose haftet nicht f\u00fcr illegale, fehlerhafte oder unvollst\u00e4ndige Inhalte und insbesondere f\u00fcr Sch\u00e4den, die durch Nutzung oder Nichtnutzung der auf den verlinkten Seiten angebotenen Informationen entstehen.<\/p><p>DATENSCHUTZ<br>Sofern innerhalb des Internetangebotes die M\u00f6glichkeit der Eingabe von pers\u00f6nlichen Daten (eMail-Adresse, Namen, Anschriften) besteht, erfolgt diese freiwillig. Herba Plose erkl\u00e4rt ausdr\u00fccklich, dass sie diese Daten nicht an Dritte weitergibt.<br>Gesetz Nr. 675\/1996 \u00fcber die \u201cPrivacy\u201d: Im Sinne der Art. 10 und 13 des Gesetzes Nr. 675 vom 31.12.1996 und nachfolgender \u00c4nderungen, welches die Behandlung von pers\u00f6nlichen Daten betrifft, nimmt der Kunde zur Kenntnis, dass seine Daten, welche in den Besitz von Herba Plose gelangen, mittels moderner Informatiksysteme verwaltet und verwendet werden, auch durch Beauftragte oder externe Mitarbeiter von Herba Plose. Die Verwendung erfolgt ausschlie\u00dflich in Erf\u00fcllung der gegenseitig eingegangenen Vertragsverpflichtungen, sowie zum Zwecke der Bewerbung der T\u00e4tigkeit des Kunden. Der Kunde ist berechtigt, diese Daten zu \u00fcberpr\u00fcfen, zu \u00e4ndern, deren L\u00f6schung zu verlangen oder sich deren Verwendung zu widersetzen, vorbehaltlich der bestehenden Vertragsverpflichtungen. Zu diesem Zweck kann der Kunde einen Einschreibebrief an Herba Plose &#8211; Schmiedthof, I-39042 St. Andr\u00e4, Brixen (BZ) &#8211; Reuterberg 12 &#8211; senden.<\/p><p>URHEBERRECHT<br>Herba Plose ist bestrebt, in allen Publikationen geltende Urheberrechte zu beachten. Sollte es trotzdem zu einer Urheberrechtsverletzung kommen, wird Herba Plose das entsprechende Objekt nach Benachrichtigung aus ihrer Publikation entfernen bzw. mit dem entsprechenden Urheberrecht kenntlich machen. Alle innerhalb des Internetangebots genannten und gegebenenfalls durch Dritte gesch\u00fctzten Marken- und Warenzeichen unterliegen uneingeschr\u00e4nkt den Bestimmungen des jeweils g\u00fcltigen Kennzeichenrechts und den Besitzrechten der jeweiligen eingetragenen Eigent\u00fcmer. Allein aufgrund der blo\u00dfen Nennung ist nicht der Schluss zu ziehen, dass Markenzeichen nicht durch Rechte Dritter gesch\u00fctzt sind. Das Urheberrecht f\u00fcr die eigenen Inhalte von www.herbaplose.com liegt allein bei Herba Plose. Eine Vervielf\u00e4ltigung der Grafiken, Sounds oder Texte in anderen elektronischen oder gedruckten Publikationen ist ohne ausdr\u00fcckliche schriftliche Zustimmung von Herbe Plose nicht gestattet.<\/p><p>Texte auf der Webseite: Rita Frener, Laurenz Frener, Giada Vesentini<br>Fotos auf der Webseite: Harald Wisthaler, Manuel De Bettin, Laurenz Frener, Giada Vesentini, Pixabay, Pexels<\/p><p>RECHTSWIRKSAMKEIT<br>Dieser Haftungsausschluss ist als Teil des Internetangebotes zu betrachten, von dem aus auf diese Seite verwiesen wurde. Sofern Teile oder einzelne Formulierungen dieses Textes der geltenden Rechtslage nicht, nicht mehr oder nicht vollst\u00e4ndig entsprechen sollten, bleiben die \u00fcbrigen Teile des Dokumentes in ihrem Inhalt und ihrer G\u00fcltigkeit hiervon unber\u00fchrt.<\/p><p>VIREN<br>Herba Plose gibt keine Garantie f\u00fcr die Virenfreiheit von downloadbaren Elementen von www.herbaplose.com. F\u00fcr Sch\u00e4den die durch, mit und vom Download oder durch den Gebrauch der zum Download stehenden Dateien entstehen, \u00fcbernimmt Herba Plose keinerlei Haftung.<\/p>","protected":false},"excerpt":{"rendered":"<p>Impressum Herba Plose &#8211; Biologische Kr\u00e4uterprodukte hergestellt und abgef\u00fcllt am SchmiedthofI-39042 Brixen (BZ)Reuterberg 12Mobil +39 340 241 6992info@rc3.koblenzweb.deMwSt.Nr-Steuernr.: 02906820218REA Nummer: BZ &#8211; 215580 Diese Seite wurde mit WordPress erstellt. HAFTUNGSAUSSCHLUSS INHALTEDiese Website bildet den tempor\u00e4ren Stand eines kontinuierlichen Arbeitsprozesses ab. Herba Plose beh\u00e4lt sich ausdr\u00fccklich das Recht vor, Teile der Seite oder das gesamte Angebot ohne vorherige Ank\u00fcndigung zu ver\u00e4ndern, zu erg\u00e4nzen, zu l\u00f6schen oder die Ver\u00f6ffentlichung einzustellen. LINKSSofern Herba Plose direkt oder indirekt auf fremde Internetseiten verweist (\u201cLinks\u201d), haftet Herba Plose nur, wenn sie von den Inhalten genaue Kenntnis hat und es technisch m\u00f6glich und zumutbar ist, die Nutzung&hellip;<\/p>\n<p> <a class=\"more-link\" href=\"https:\/\/rc3.koblenzweb.de\/de_de\/impressum\/\">Weiterlesen<\/a><\/p>\n","protected":false},"author":2,"featured_media":0,"parent":0,"menu_order":0,"comment_status":"closed","ping_status":"closed","template":"","meta":{"footnotes":""},"class_list":["post-313","page","type-page","status-publish"],"_links":{"self":[{"href":"https:\/\/rc3.koblenzweb.de\/de_de\/wp-json\/wp\/v2\/pages\/313","targetHints":{"allow":["GET"]}}],"collection":[{"href":"https:\/\/rc3.koblenzweb.de\/de_de\/wp-json\/wp\/v2\/pages"}],"about":[{"href":"https:\/\/rc3.koblenzweb.de\/de_de\/wp-json\/wp\/v2\/types\/page"}],"author":[{"embeddable":true,"href":"https:\/\/rc3.koblenzweb.de\/de_de\/wp-json\/wp\/v2\/users\/2"}],"replies":[{"embeddable":true,"href":"https:\/\/rc3.koblenzweb.de\/de_de\/wp-json\/wp\/v2\/comments?post=313"}],"version-history":[{"count":0,"href":"https:\/\/rc3.koblenzweb.de\/de_de\/wp-json\/wp\/v2\/pages\/313\/revisions"}],"wp:attachment":[{"href":"https:\/\/rc3.koblenzweb.de\/de_de\/wp-json\/wp\/v2\/media?parent=313"}],"curies":[{"name":"wp","href":"https:\/\/api.w.org\/{rel}","templated":true}]}}