{"id":233,"date":"2021-08-31T09:46:48","date_gmt":"2021-08-31T07:46:48","guid":{"rendered":"https:\/\/rc3.koblenzweb.de\/?page_id=233"},"modified":"2023-04-04T12:22:48","modified_gmt":"2023-04-04T10:22:48","slug":"allgemeine-geschaeftsbedingungen-agb","status":"publish","type":"page","link":"https:\/\/rc3.koblenzweb.de\/de_de\/allgemeine-geschaeftsbedingungen-agb\/","title":{"rendered":"Allgemeine Gesch\u00e4ftsbedingungen (AGB)"},"content":{"rendered":"<ol class=\"wp-block-list\"><li>Kaufvertrag im Internet<br>Bei Bestellung \u00fcber Internet wird der Kaufvertrag erst g\u00fcltig, nachdem Herba Plose die Bestellung an die E-Mail-Adresse des K\u00e4ufers best\u00e4tigt hat.<\/li>\n\n<li>Datenschutz &#8211; Privacy<br>Ihre Daten werden gem\u00e4\u00df der europ\u00e4ischen Datenschutzgrundverordnung (DSGVO) verarbeitet. Zust\u00e4ndig f\u00fcr die Behandlung der Daten ist Herba Plose.<\/li>\n\n<li>Preise<br>Unsere Preise enthalten die gesetzlich vorgesehene Mehrwertsteuer und verstehen sich ohne Versandkosten (diese werden separat aufgelistet). Der zum Zeitpunkt der Bestellung aktuelle Preis ist verbindlich. Herba Plose beh\u00e4lt sich das Recht vor, die Preise ohne vorhergehende Ank\u00fcndigung zu \u00e4ndern.<\/li>\n\n<li>Bezahlung<br>Bei Zustellung mit Spediteur erfolgt die Bezahlung entweder per Nachnahme oder als Vorauskasse mittels Bank\u00fcberweisung. Bei Selbstabholung im Hofladen oder am Markt erfolgt die Bezahlung bei der \u00dcbergabe der Ware (Vorauskasse mittels Bank\u00fcberweisung ist auch m\u00f6glich). Bei der Online-Zahlung wird eine Versandkostenpauschale berechnet.<\/li>\n\n<li>Eigentumsvorbehalt<br>Die gelieferte Ware bleibt bis zur vollst\u00e4ndigen Bezahlung s\u00e4mtlicher Forderungen aus den Verkaufsbedingungen zwischen dem K\u00e4ufer und dem Verk\u00e4ufer, Eigentum von Herba Plose.<\/li>\n\n<li>Lieferbedingungen<br>Die Lieferung ist bei Empfang auf Vollst\u00e4ndigkeit und Besch\u00e4digung hin zu pr\u00fcfen. Bei dem Verdacht auf Transportsch\u00e4den oder bei fehlender Ware, ist die Originalverpackung unbedingt aufzubewahren. Die bei jedem Produkt angegebene Information Lieferbereitschaft wird nach M\u00f6glichkeit eingehalten, ist aber nicht verbindlich. Verbindliche Liefertermine sind ausdr\u00fccklich ausgeschlossen.<\/li>\n\n<li>Gew\u00e4hrleistung<br>Der Verk\u00e4ufer \u00fcbernimmt keine Haftung f\u00fcr Sch\u00e4den, die durch fehlerhafte Produkte oder versp\u00e4tete Lieferungen verursacht werden. Allergien, die durch pflanzliche Produkte verursacht werden, sollten vor dem Kauf abgekl\u00e4rt werden. <\/li>\n\n<li>R\u00fccksendungen von Waren<br>F\u00fcr R\u00fccksendungen von Waren ben\u00f6tigt der K\u00e4ufer eine R\u00fccksendungsnummer und eine Kopie des Kaufbeleges. R\u00fccksendungen ohne R\u00fccksendungsnummer werden nicht angenommen, sondern auf Kosten des K\u00e4ufers umgehend zur\u00fcckgesandt. Der K\u00e4ufer tr\u00e4gt Kosten und Risiko f\u00fcr R\u00fccksendungen. Falschlieferungen werden nur in unbesch\u00e4digter, unge\u00f6ffneter, nicht beschrifteter und nicht beklebter Originalverpackung zur\u00fcckgenommen. Herba Plose beh\u00e4lt sich vor, ein zur\u00fcckgesandtes fehlerhaftes Produkt durch ein identisches bzw. gleichwertiges Produkt zu ersetzen, zu reparieren oder gutzuschreiben.<\/li>\n\n<li>Widerrufsbelehrung<br>Widerrufsrecht<br>Sie haben das Recht, binnen vierzehn Tagen ohne Angabe von Gr\u00fcnden diesen Vertrag zu widerrufen.<br>Die Widerrufsfrist betr\u00e4gt vierzehn Tage ab dem Tag, an dem Sie oder ein von Ihnen benannter Dritter, der nicht der Bef\u00f6rderer ist, die letzte Ware in Besitz genommen haben bzw. hat.<br>Um Ihr Widerrufsrecht auszu\u00fcben, m\u00fcssen Sie uns<br>Herba Plose, Reuterberg 12, 39042 Brixen<br>Telefon +39 320 4627123<br>E-Mail: info@rc3.koblenzweb.de<br>mittels einer eindeutigen Erkl\u00e4rung (z. B. ein mit der Post versandter Brief, Telefax oder E-Mail) \u00fcber Ihren Entschluss, diesen Vertrag zu widerrufen, informieren.<br>Zur Wahrung der Widerrufsfrist reicht es aus, dass Sie die Mitteilung \u00fcber die Aus\u00fcbung des Widerrufsrechts vor Ablauf der Widerrufsfrist absenden.<br>Folgen des Widerrufs<br>Wenn Sie diesen Vertrag widerrufen, haben wir Ihnen alle Zahlungen, die wir von Ihnen erhalten haben, einschlie\u00dflich der Lieferkosten (mit Ausnahme der zus\u00e4tzlichen Kosten, die sich daraus ergeben, dass Sie eine andere Art der Lieferung als die von uns angebotene, g\u00fcnstigste Standardlieferung gew\u00e4hlt haben), unverz\u00fcglich und sp\u00e4testens binnen vierzehn Tagen ab dem Tag zur\u00fcckzuzahlen, an dem die Mitteilung \u00fcber Ihren Widerruf dieses Vertrags bei uns eingegangen ist. F\u00fcr diese R\u00fcckzahlung verwenden wir dasselbe Zahlungsmittel, das Sie bei der urspr\u00fcnglichen Transaktion eingesetzt haben, es sei denn, mit Ihnen wurde ausdr\u00fccklich etwas anderes vereinbart; in keinem Fall werden Ihnen wegen dieser R\u00fcckzahlung Entgelte berechnet. Wir k\u00f6nnen die R\u00fcckzahlung verweigern, bis wir die Waren wieder zur\u00fcckerhalten haben oder bis Sie den Nachweis erbracht haben, dass Sie die Waren zur\u00fcckgesandt haben, je nachdem, welches der fr\u00fchere Zeitpunkt ist.<br>Sie haben die Waren unverz\u00fcglich und in jedem Fall sp\u00e4testens binnen vierzehn Tagen ab dem Tag, an dem Sie uns \u00fcber den Widerruf dieses Vertrags unterrichten, an uns zur\u00fcckzusenden oder zu \u00fcbergeben. Die Frist ist gewahrt, wenn Sie die Waren vor Ablauf der Frist von vierzehn Tagen absenden. Sie tragen die Kosten der R\u00fccksendung der Waren.<br>Ende der Widerrufsbelehrung<br>Ausschluss bzw. vorzeitiges Erl\u00f6schen des Widerrufsrechts:<br>Das Widerrufsrecht besteht nicht bei Vertr\u00e4gen, die eindeutig auf die pers\u00f6nlichen Bed\u00fcrfnisse des Verbrauchers zugeschnitten sind.<br>Das Widerrufsrecht erlischt vorzeitig bei Vertr\u00e4gen zur Lieferung versiegelter Waren, die aus Gr\u00fcnden des Gesundheitsschutzes oder der Hygiene nicht zur R\u00fcckgabe geeignet sind, wenn ihre Versiegelung nach der Lieferung entfernt wurde.<\/li>\n\n<li>Haftung<br>Die Haftung der gesetzlichen Vertreter, und der Betriebsangeh\u00f6rigen des Verk\u00e4ufers gegen\u00fcber dem K\u00e4ufer wird au\u00dfer in F\u00e4llen der Vors\u00e4tzlichkeit und der groben Fahrl\u00e4ssigkeit ausgeschlossen.<\/li>\n\n<li>Gerichtstand<br>F\u00fcr Klagen ist das Gericht in Bozen (IT) zust\u00e4ndig. Es wird italienisches Recht angewandt.<\/li>\n\n<li>Sonstiges<br>Irrt\u00fcmer, technische Fehlinformationen sowie Schreibfehler sind vorbehalten.<\/li><\/ol>","protected":false},"excerpt":{"rendered":"","protected":false},"author":2,"featured_media":0,"parent":0,"menu_order":0,"comment_status":"closed","ping_status":"closed","template":"","meta":{"footnotes":""},"class_list":["post-233","page","type-page","status-publish"],"_links":{"self":[{"href":"https:\/\/rc3.koblenzweb.de\/de_de\/wp-json\/wp\/v2\/pages\/233","targetHints":{"allow":["GET"]}}],"collection":[{"href":"https:\/\/rc3.koblenzweb.de\/de_de\/wp-json\/wp\/v2\/pages"}],"about":[{"href":"https:\/\/rc3.koblenzweb.de\/de_de\/wp-json\/wp\/v2\/types\/page"}],"author":[{"embeddable":true,"href":"https:\/\/rc3.koblenzweb.de\/de_de\/wp-json\/wp\/v2\/users\/2"}],"replies":[{"embeddable":true,"href":"https:\/\/rc3.koblenzweb.de\/de_de\/wp-json\/wp\/v2\/comments?post=233"}],"version-history":[{"count":0,"href":"https:\/\/rc3.koblenzweb.de\/de_de\/wp-json\/wp\/v2\/pages\/233\/revisions"}],"wp:attachment":[{"href":"https:\/\/rc3.koblenzweb.de\/de_de\/wp-json\/wp\/v2\/media?parent=233"}],"curies":[{"name":"wp","href":"https:\/\/api.w.org\/{rel}","templated":true}]}}